{"id":7759,"date":"2022-04-02T17:24:19","date_gmt":"2022-04-02T17:24:19","guid":{"rendered":"https:\/\/lizenzeuropa.de\/?page_id=7759"},"modified":"2024-12-28T08:11:32","modified_gmt":"2024-12-28T08:11:32","slug":"osterreichischer-fuhrerschein-zu-verkaufen","status":"publish","type":"page","link":"https:\/\/kaufenfuhrerschein.com\/cs\/rakousky-ridicsky-prukaz-prodej\/","title":{"rendered":"Rakousk\u00fd \u0159idi\u010dsk\u00fd pr\u016fkaz na prodej"},"content":{"rendered":"<div data-elementor-type=\"wp-page\" data-elementor-id=\"7759\" class=\"elementor elementor-7759\" data-elementor-settings=\"[]\">\n\t\t\t\t\t\t\t<div class=\"elementor-section-wrap\">\n\t\t\t\t\t\t\t<section class=\"elementor-section elementor-top-section elementor-element elementor-element-3281537b elementor-section-boxed elementor-section-height-default elementor-section-height-default\" data-id=\"3281537b\" data-element_type=\"section\">\n\t\t\t\t\t\t<div class=\"elementor-container elementor-column-gap-default\">\n\t\t\t\t\t<div class=\"elementor-column elementor-col-100 elementor-top-column elementor-element elementor-element-108c4531\" data-id=\"108c4531\" data-element_type=\"column\">\n\t\t\t<div class=\"elementor-widget-wrap elementor-element-populated\">\n\t\t\t\t\t\t\t\t<div class=\"elementor-element elementor-element-429c3ecd elementor-widget elementor-widget-text-editor\" data-id=\"429c3ecd\" data-element_type=\"widget\" data-widget_type=\"text-editor.default\">\n\t\t\t\t<div class=\"elementor-widget-container\">\n\t\t\t<style>\/*! elementor - v3.5.6 - 28-02-2022 *\/\n.elementor-widget-text-editor.elementor-drop-cap-view-stacked .elementor-drop-cap{background-color:#818a91;color:#fff}.elementor-widget-text-editor.elementor-drop-cap-view-framed .elementor-drop-cap{color:#818a91;border:3px solid;background-color:transparent}.elementor-widget-text-editor:not(.elementor-drop-cap-view-default) .elementor-drop-cap{margin-top:8px}.elementor-widget-text-editor:not(.elementor-drop-cap-view-default) .elementor-drop-cap-letter{width:1em;height:1em}.elementor-widget-text-editor .elementor-drop-cap{float:left;text-align:center;line-height:1;font-size:50px}.elementor-widget-text-editor .elementor-drop-cap-letter{display:inline-block}<\/style>\t\t\t\t<p><!-- wp:gallery {\"linkTo\":\"none\"} --><\/p>\n<figure><!-- wp:image {\"id\":7278,\"sizeSlug\":\"large\",\"linkDestination\":\"none\"} -->\n<p>\u00a0<\/p>\n<figure><img decoding=\"async\" src=\"https:\/\/kaufenfuhrerschein.com\/wp-content\/uploads\/2020\/11\/slide1.jpg\" alt=\"Rakousk\u00fd \u0159idi\u010dsk\u00fd pr\u016fkaz na prodej\" \/>\n<p>\u00a0<\/p>\n<figcaption>Rakousk\u00fd \u0159idi\u010dsk\u00fd pr\u016fkaz na prodej<\/figcaption>\n<\/figure>\n<p><!-- \/wp:image --><\/p>\n<\/figure>\n<p><!-- \/wp:gallery --><!-- wp:paragraph --><\/p>\n<p>Mezi n\u00e1mi prod\u00e1van\u00e9 rakousk\u00e9 \u0159idi\u010dsk\u00e9 pr\u016fkazy pat\u0159\u00ed v\u0161echny typy rakousk\u00fdch \u0159idi\u010dsk\u00fdch pr\u016fkaz\u016f. Rakousk\u00fd \u0159idi\u010dsk\u00fd pr\u016fkaz skupiny <a href=\"https:\/\/kaufenfuhrerschein.com\/cs\/koupit-francouzsky-ridicsky-prukaz-b\/\">B<\/a>Rakousk\u00fd \u0159idi\u010dsk\u00fd pr\u016fkaz skupiny A, rakousk\u00fd \u0159idi\u010dsk\u00fd pr\u016fkaz skupiny C1 a rakousk\u00e9 \u0159idi\u010dsk\u00e9 pr\u016fkazy skupin CE a DE jsou nejtypi\u010dt\u011bj\u0161\u00edmi skupinami \u0159idi\u010dsk\u00fdch pr\u016fkaz\u016f, kter\u00e9 si na\u0161i z\u00e1kazn\u00edci kupuj\u00ed.<\/p>\n<h3>Rozd\u00edl mezi prav\u00fdm a fale\u0161n\u00fdm rakousk\u00fdm \u0159idi\u010dsk\u00fdm pr\u016fkazem - Rakousk\u00fd \u0159idi\u010dsk\u00fd pr\u016fkaz - Koupit \u0159idi\u010dsk\u00fd pr\u016fkaz Rakousko<\/h3>\n<div data-id=\"58a4acd\" data-element_type=\"widget\" data-widget_type=\"heading.default\">\n<div>\n<p>Fale\u0161n\u00fd rakousk\u00fd \u0159idi\u010dsk\u00fd pr\u016fkaz nem\u016f\u017ee proj\u00edt testem digit\u00e1ln\u00edho skenov\u00e1n\u00ed. S t\u00edmto \u0159idi\u010dsk\u00fdm pr\u016fkazem byste se m\u011bli vyhnout n\u00e1ro\u010dn\u00fdm kontrol\u00e1m. Tento \u0159idi\u010dsk\u00fd pr\u016fkaz vypad\u00e1 dob\u0159e a je poti\u0161t\u011bn pot\u0159ebn\u00fdmi hologramy. Je v\u0161ak tak\u00e9 levn\u011bj\u0161\u00ed ne\u017e origin\u00e1ln\u00ed rakousk\u00fd \u0159idi\u010dsk\u00fd pr\u016fkaz. Z\u00e1kazn\u00edci, kte\u0159\u00ed se rozhodnou pro pad\u011blan\u00fd rakousk\u00fd \u0159idi\u010dsk\u00fd pr\u016fkaz, jsou v\u011bt\u0161inou lid\u00e9, kte\u0159\u00ed cht\u011bj\u00ed \u0159idi\u010dsk\u00fd pr\u016fkaz pou\u017e\u00edvat pouze do\u010dasn\u011b. N\u011bkte\u0159\u00ed lid\u00e9 pot\u0159ebuj\u00ed rakousk\u00fd \u0159idi\u010dsk\u00fd pr\u016fkaz pouze pro pod\u00e1n\u00ed \u017e\u00e1dosti nebo pro online registraci na n\u011bkter\u00fdch webov\u00fdch str\u00e1nk\u00e1ch. Krom\u011b t\u011bchto zp\u016fsob\u016f vyu\u017eit\u00ed fale\u0161n\u00e9ho australsk\u00e9ho \u0159idi\u010dsk\u00e9ho pr\u016fkazu doporu\u010dujeme po\u0159\u00eddit si origin\u00e1ln\u00ed australsk\u00fd \u0159idi\u010dsk\u00fd pr\u016fkaz, kter\u00fd m\u016f\u017eete pou\u017e\u00edvat i na m\u00edstech, kde je vy\u017eadov\u00e1no digit\u00e1ln\u00ed skenov\u00e1n\u00ed. Koneckonc\u016f se nemus\u00edte ni\u010deho ob\u00e1vat, <a href=\"https:\/\/en.wikipedia.org\/wiki\/Driver%27s_license\">kdy\u017e<\/a> V\u00e1\u0161 rakousk\u00fd \u0159idi\u010dsk\u00fd pr\u016fkaz je pozastaven. Jsme zde, abychom v\u00e1m pomohli z\u00edskat zp\u011bt v\u00e1\u0161 australsk\u00fd \u0159idi\u010dsk\u00fd pr\u016fkaz a dokonce zapomenout na zkou\u0161ku MPU ,rakousk\u00fd \u0159idi\u010dsk\u00fd pr\u016fkaz na prodej.<\/p>\n<\/div>\n<\/div>\n<div data-id=\"0b45ebb\" data-element_type=\"widget\" data-widget_type=\"text-editor.default\">\n<div>\n<div>\u00a0<\/div>\n<\/div>\n<\/div>\n<p><!-- \/wp:paragraph --><\/p>\t\t\t\t\t\t<\/div>\n\t\t\t\t<\/div>\n\t\t\t\t\t<\/div>\n\t\t<\/div>\n\t\t\t\t\t\t\t<\/div>\n\t\t<\/section>\n\t\t\t\t\t\t<\/div>\n\t\t\t\t\t<\/div>","protected":false},"excerpt":{"rendered":"<p>Die \u00f6sterreichischen F\u00fchrerscheine, die wir verkaufen, umfassen alle Arten von \u00f6sterreichischen F\u00fchrerscheinen. Der \u00f6sterreichische F\u00fchrerschein der Klasse B, der \u00f6sterreichische F\u00fchrerschein der Klasse A, der \u00f6sterreichische F\u00fchrerschein der Klasse C1 und die \u00f6sterreichischen F\u00fchrerscheinklassen CE und DE sind die typischsten F\u00fchrerscheinklassen, die unsere Kunden kaufen. Unterschied zwischen echtem und falschem \u00f6sterreichischen F\u00fchrerschein &#8211; \u00d6sterreichischer F\u00fchrerschein [&hellip;]<\/p>","protected":false},"author":1,"featured_media":7397,"parent":0,"menu_order":0,"comment_status":"closed","ping_status":"closed","template":"","meta":{"_joinchat":{"telephone":"+4915215168855"},"footnotes":""},"class_list":["post-7759","page","type-page","status-publish","has-post-thumbnail","hentry"],"yoast_head":"<!-- This site is optimized with the Yoast SEO plugin v22.8 - https:\/\/yoast.com\/wordpress\/plugins\/seo\/ -->\n<title>\u00d6sterreichischer F\u00fchrerschein zu verkaufen | kaufenfuhrerschein<\/title>\n<meta name=\"description\" content=\"\u00d6sterreichischer F\u00fchrerschein zu verkaufen, \u00d6sterreich,F\u00fchrerschein zu verkaufen. 100% registriert. .F\u00fchrerschein in \u00d6sterreich zu verkaufen\" \/>\n<meta name=\"robots\" content=\"index, follow, max-snippet:-1, max-image-preview:large, max-video-preview:-1\" \/>\n<link rel=\"canonical\" href=\"https:\/\/kaufenfuhrerschein.com\/cs\/rakousky-ridicsky-prukaz-prodej\/\" \/>\n<meta property=\"og:locale\" content=\"cs_CZ\" \/>\n<meta property=\"og:type\" content=\"article\" \/>\n<meta property=\"og:title\" content=\"\u00d6sterreichischer F\u00fchrerschein zu verkaufen | kaufenfuhrerschein\" \/>\n<meta property=\"og:description\" content=\"\u00d6sterreichischer F\u00fchrerschein zu verkaufen, \u00d6sterreich,F\u00fchrerschein zu verkaufen. 100% registriert. .F\u00fchrerschein in \u00d6sterreich zu verkaufen\" \/>\n<meta property=\"og:url\" content=\"https:\/\/kaufenfuhrerschein.com\/cs\/rakousky-ridicsky-prukaz-prodej\/\" \/>\n<meta property=\"og:site_name\" content=\"Fuhrerschein Kaufen\" \/>\n<meta property=\"article:modified_time\" content=\"2024-12-28T08:11:32+00:00\" \/>\n<meta property=\"og:image\" content=\"https:\/\/kaufenfuhrerschein.com\/wp-content\/uploads\/2020\/11\/contact-bg-image.jpg\" \/>\n\t<meta property=\"og:image:width\" content=\"1280\" \/>\n\t<meta property=\"og:image:height\" content=\"198\" \/>\n\t<meta property=\"og:image:type\" content=\"image\/jpeg\" \/>\n<meta name=\"twitter:card\" content=\"summary_large_image\" \/>\n<meta name=\"twitter:label1\" content=\"Odhadovan\u00e1 doba \u010dten\u00ed\" \/>\n\t<meta name=\"twitter:data1\" content=\"2 minuty\" \/>\n<script type=\"application\/ld+json\" class=\"yoast-schema-graph\">{\"@context\":\"https:\/\/schema.org\",\"@graph\":[{\"@type\":\"WebPage\",\"@id\":\"https:\/\/kaufenfuhrerschein.com\/osterreichischer-fuhrerschein-zu-verkaufen\/\",\"url\":\"https:\/\/kaufenfuhrerschein.com\/osterreichischer-fuhrerschein-zu-verkaufen\/\",\"name\":\"\u00d6sterreichischer F\u00fchrerschein zu verkaufen | kaufenfuhrerschein\",\"isPartOf\":{\"@id\":\"https:\/\/kaufenfuhrerschein.com\/#website\"},\"primaryImageOfPage\":{\"@id\":\"https:\/\/kaufenfuhrerschein.com\/osterreichischer-fuhrerschein-zu-verkaufen\/#primaryimage\"},\"image\":{\"@id\":\"https:\/\/kaufenfuhrerschein.com\/osterreichischer-fuhrerschein-zu-verkaufen\/#primaryimage\"},\"thumbnailUrl\":\"https:\/\/kaufenfuhrerschein.com\/wp-content\/uploads\/2020\/11\/contact-bg-image.jpg\",\"datePublished\":\"2022-04-02T17:24:19+00:00\",\"dateModified\":\"2024-12-28T08:11:32+00:00\",\"description\":\"\u00d6sterreichischer F\u00fchrerschein zu verkaufen, \u00d6sterreich,F\u00fchrerschein zu verkaufen. 100% registriert. .F\u00fchrerschein in \u00d6sterreich zu verkaufen\",\"breadcrumb\":{\"@id\":\"https:\/\/kaufenfuhrerschein.com\/osterreichischer-fuhrerschein-zu-verkaufen\/#breadcrumb\"},\"inLanguage\":\"cs\",\"potentialAction\":[{\"@type\":\"ReadAction\",\"target\":[\"https:\/\/kaufenfuhrerschein.com\/osterreichischer-fuhrerschein-zu-verkaufen\/\"]}]},{\"@type\":\"ImageObject\",\"inLanguage\":\"cs\",\"@id\":\"https:\/\/kaufenfuhrerschein.com\/osterreichischer-fuhrerschein-zu-verkaufen\/#primaryimage\",\"url\":\"https:\/\/kaufenfuhrerschein.com\/wp-content\/uploads\/2020\/11\/contact-bg-image.jpg\",\"contentUrl\":\"https:\/\/kaufenfuhrerschein.com\/wp-content\/uploads\/2020\/11\/contact-bg-image.jpg\",\"width\":1280,\"height\":198,\"caption\":\"\u00d6sterreichischer F\u00fchrerschein zu verkaufen\"},{\"@type\":\"BreadcrumbList\",\"@id\":\"https:\/\/kaufenfuhrerschein.com\/osterreichischer-fuhrerschein-zu-verkaufen\/#breadcrumb\",\"itemListElement\":[{\"@type\":\"ListItem\",\"position\":1,\"name\":\"Home\",\"item\":\"https:\/\/kaufenfuhrerschein.com\/\"},{\"@type\":\"ListItem\",\"position\":2,\"name\":\"\u00d6sterreichischer F\u00fchrerschein zu verkaufen\"}]},{\"@type\":\"WebSite\",\"@id\":\"https:\/\/kaufenfuhrerschein.com\/#website\",\"url\":\"https:\/\/kaufenfuhrerschein.com\/\",\"name\":\"Fuhrerschein Kaufen\",\"description\":\"Deutschen Fuhrerschein Kaufen\",\"potentialAction\":[{\"@type\":\"SearchAction\",\"target\":{\"@type\":\"EntryPoint\",\"urlTemplate\":\"https:\/\/kaufenfuhrerschein.com\/?s={search_term_string}\"},\"query-input\":\"required name=search_term_string\"}],\"inLanguage\":\"cs\"}]}<\/script>\n<!-- \/ Yoast SEO plugin. -->","yoast_head_json":{"title":"\u00d6sterreichischer F\u00fchrerschein zu verkaufen | kaufenfuhrerschein","description":"\u00d6sterreichischer F\u00fchrerschein zu verkaufen, \u00d6sterreich,F\u00fchrerschein zu verkaufen. 100% registriert. .F\u00fchrerschein in \u00d6sterreich zu verkaufen","robots":{"index":"index","follow":"follow","max-snippet":"max-snippet:-1","max-image-preview":"max-image-preview:large","max-video-preview":"max-video-preview:-1"},"canonical":"https:\/\/kaufenfuhrerschein.com\/cs\/rakousky-ridicsky-prukaz-prodej\/","og_locale":"cs_CZ","og_type":"article","og_title":"\u00d6sterreichischer F\u00fchrerschein zu verkaufen | kaufenfuhrerschein","og_description":"\u00d6sterreichischer F\u00fchrerschein zu verkaufen, \u00d6sterreich,F\u00fchrerschein zu verkaufen. 100% registriert. .F\u00fchrerschein in \u00d6sterreich zu verkaufen","og_url":"https:\/\/kaufenfuhrerschein.com\/cs\/rakousky-ridicsky-prukaz-prodej\/","og_site_name":"Fuhrerschein Kaufen","article_modified_time":"2024-12-28T08:11:32+00:00","og_image":[{"width":1280,"height":198,"url":"https:\/\/kaufenfuhrerschein.com\/wp-content\/uploads\/2020\/11\/contact-bg-image.jpg","type":"image\/jpeg"}],"twitter_card":"summary_large_image","twitter_misc":{"Odhadovan\u00e1 doba \u010dten\u00ed":"2 minuty"},"schema":{"@context":"https:\/\/schema.org","@graph":[{"@type":"WebPage","@id":"https:\/\/kaufenfuhrerschein.com\/osterreichischer-fuhrerschein-zu-verkaufen\/","url":"https:\/\/kaufenfuhrerschein.com\/osterreichischer-fuhrerschein-zu-verkaufen\/","name":"\u00d6sterreichischer F\u00fchrerschein zu verkaufen | kaufenfuhrerschein","isPartOf":{"@id":"https:\/\/kaufenfuhrerschein.com\/#website"},"primaryImageOfPage":{"@id":"https:\/\/kaufenfuhrerschein.com\/osterreichischer-fuhrerschein-zu-verkaufen\/#primaryimage"},"image":{"@id":"https:\/\/kaufenfuhrerschein.com\/osterreichischer-fuhrerschein-zu-verkaufen\/#primaryimage"},"thumbnailUrl":"https:\/\/kaufenfuhrerschein.com\/wp-content\/uploads\/2020\/11\/contact-bg-image.jpg","datePublished":"2022-04-02T17:24:19+00:00","dateModified":"2024-12-28T08:11:32+00:00","description":"\u00d6sterreichischer F\u00fchrerschein zu verkaufen, \u00d6sterreich,F\u00fchrerschein zu verkaufen. 100% registriert. .F\u00fchrerschein in \u00d6sterreich zu verkaufen","breadcrumb":{"@id":"https:\/\/kaufenfuhrerschein.com\/osterreichischer-fuhrerschein-zu-verkaufen\/#breadcrumb"},"inLanguage":"cs","potentialAction":[{"@type":"ReadAction","target":["https:\/\/kaufenfuhrerschein.com\/osterreichischer-fuhrerschein-zu-verkaufen\/"]}]},{"@type":"ImageObject","inLanguage":"cs","@id":"https:\/\/kaufenfuhrerschein.com\/osterreichischer-fuhrerschein-zu-verkaufen\/#primaryimage","url":"https:\/\/kaufenfuhrerschein.com\/wp-content\/uploads\/2020\/11\/contact-bg-image.jpg","contentUrl":"https:\/\/kaufenfuhrerschein.com\/wp-content\/uploads\/2020\/11\/contact-bg-image.jpg","width":1280,"height":198,"caption":"\u00d6sterreichischer F\u00fchrerschein zu verkaufen"},{"@type":"BreadcrumbList","@id":"https:\/\/kaufenfuhrerschein.com\/osterreichischer-fuhrerschein-zu-verkaufen\/#breadcrumb","itemListElement":[{"@type":"ListItem","position":1,"name":"Home","item":"https:\/\/kaufenfuhrerschein.com\/"},{"@type":"ListItem","position":2,"name":"\u00d6sterreichischer F\u00fchrerschein zu verkaufen"}]},{"@type":"WebSite","@id":"https:\/\/kaufenfuhrerschein.com\/#website","url":"https:\/\/kaufenfuhrerschein.com\/","name":"Fuhrerschein Kaufen","description":"Deutschen Fuhrerschein Kaufen","potentialAction":[{"@type":"SearchAction","target":{"@type":"EntryPoint","urlTemplate":"https:\/\/kaufenfuhrerschein.com\/?s={search_term_string}"},"query-input":"required name=search_term_string"}],"inLanguage":"cs"}]}},"_links":{"self":[{"href":"https:\/\/kaufenfuhrerschein.com\/cs\/wp-json\/wp\/v2\/pages\/7759","targetHints":{"allow":["GET"]}}],"collection":[{"href":"https:\/\/kaufenfuhrerschein.com\/cs\/wp-json\/wp\/v2\/pages"}],"about":[{"href":"https:\/\/kaufenfuhrerschein.com\/cs\/wp-json\/wp\/v2\/types\/page"}],"author":[{"embeddable":true,"href":"https:\/\/kaufenfuhrerschein.com\/cs\/wp-json\/wp\/v2\/users\/1"}],"replies":[{"embeddable":true,"href":"https:\/\/kaufenfuhrerschein.com\/cs\/wp-json\/wp\/v2\/comments?post=7759"}],"version-history":[{"count":16,"href":"https:\/\/kaufenfuhrerschein.com\/cs\/wp-json\/wp\/v2\/pages\/7759\/revisions"}],"predecessor-version":[{"id":7779,"href":"https:\/\/kaufenfuhrerschein.com\/cs\/wp-json\/wp\/v2\/pages\/7759\/revisions\/7779"}],"wp:featuredmedia":[{"embeddable":true,"href":"https:\/\/kaufenfuhrerschein.com\/cs\/wp-json\/wp\/v2\/media\/7397"}],"wp:attachment":[{"href":"https:\/\/kaufenfuhrerschein.com\/cs\/wp-json\/wp\/v2\/media?parent=7759"}],"curies":[{"name":"wp","href":"https:\/\/api.w.org\/{rel}","templated":true}]}}