{"id":7613,"date":"2022-04-02T11:46:33","date_gmt":"2022-04-02T11:46:33","guid":{"rendered":"https:\/\/lizenzeuropa.de\/?page_id=7613"},"modified":"2022-04-02T12:15:50","modified_gmt":"2022-04-02T12:15:50","slug":"schweiz-fuhrerschein-zu-verkaufen","status":"publish","type":"page","link":"https:\/\/kaufenfuhrerschein.com\/es\/schweiz-fuhrerschein-zu-verkaufen\/","title":{"rendered":"Venta de permisos de conducir suizos - Venta de permisos de conducir suizos aut\u00e9nticos y falsos"},"content":{"rendered":"<div data-elementor-type=\"wp-page\" data-elementor-id=\"7613\" class=\"elementor elementor-7613\" data-elementor-settings=\"[]\">\n\t\t\t\t\t\t\t<div class=\"elementor-section-wrap\">\n\t\t\t\t\t\t\t<section class=\"elementor-section elementor-top-section elementor-element elementor-element-82b4671 elementor-section-boxed elementor-section-height-default elementor-section-height-default\" data-id=\"82b4671\" data-element_type=\"section\">\n\t\t\t\t\t\t<div class=\"elementor-container elementor-column-gap-default\">\n\t\t\t\t\t<div class=\"elementor-column elementor-col-100 elementor-top-column elementor-element elementor-element-e26ad73\" data-id=\"e26ad73\" data-element_type=\"column\">\n\t\t\t<div class=\"elementor-widget-wrap elementor-element-populated\">\n\t\t\t\t\t\t\t\t<div class=\"elementor-element elementor-element-3b1f0ab elementor-widget elementor-widget-image\" data-id=\"3b1f0ab\" data-element_type=\"widget\" data-widget_type=\"image.default\">\n\t\t\t\t<div class=\"elementor-widget-container\">\n\t\t\t<style>\/*! elementor - v3.5.6 - 28-02-2022 *\/\n.elementor-widget-image{text-align:center}.elementor-widget-image a{display:inline-block}.elementor-widget-image a img[src$=\".svg\"]{width:48px}.elementor-widget-image img{vertical-align:middle;display:inline-block}<\/style>\t\t\t\t\t\t\t\t\t\t\t\t<img loading=\"lazy\" decoding=\"async\" width=\"800\" height=\"500\" src=\"https:\/\/kaufenfuhrerschein.com\/wp-content\/uploads\/2021\/11\/switzerland.jpg\" class=\"attachment-large size-large\" alt=\"Se vende permiso de conducir de la EU\" srcset=\"https:\/\/kaufenfuhrerschein.com\/wp-content\/uploads\/2021\/11\/switzerland.jpg 800w, https:\/\/kaufenfuhrerschein.com\/wp-content\/uploads\/2021\/11\/switzerland-300x188.jpg 300w, https:\/\/kaufenfuhrerschein.com\/wp-content\/uploads\/2021\/11\/switzerland-768x480.jpg 768w\" sizes=\"auto, (max-width: 800px) 100vw, 800px\" \/>\t\t\t\t\t\t\t\t\t\t\t\t\t\t\t<\/div>\n\t\t\t\t<\/div>\n\t\t\t\t\t<\/div>\n\t\t<\/div>\n\t\t\t\t\t\t\t<\/div>\n\t\t<\/section>\n\t\t\t\t<section class=\"elementor-section elementor-top-section elementor-element elementor-element-02d043b elementor-section-boxed elementor-section-height-default elementor-section-height-default\" data-id=\"02d043b\" data-element_type=\"section\">\n\t\t\t\t\t\t<div class=\"elementor-container elementor-column-gap-default\">\n\t\t\t\t\t<div class=\"elementor-column elementor-col-100 elementor-top-column elementor-element elementor-element-2fc51c2\" data-id=\"2fc51c2\" data-element_type=\"column\">\n\t\t\t<div class=\"elementor-widget-wrap elementor-element-populated\">\n\t\t\t\t\t\t\t\t<div class=\"elementor-element elementor-element-aa8e8c0 elementor-widget elementor-widget-text-editor\" data-id=\"aa8e8c0\" data-element_type=\"widget\" data-widget_type=\"text-editor.default\">\n\t\t\t\t<div class=\"elementor-widget-container\">\n\t\t\t<style>\/*! elementor - v3.5.6 - 28-02-2022 *\/\n.elementor-widget-text-editor.elementor-drop-cap-view-stacked .elementor-drop-cap{background-color:#818a91;color:#fff}.elementor-widget-text-editor.elementor-drop-cap-view-framed .elementor-drop-cap{color:#818a91;border:3px solid;background-color:transparent}.elementor-widget-text-editor:not(.elementor-drop-cap-view-default) .elementor-drop-cap{margin-top:8px}.elementor-widget-text-editor:not(.elementor-drop-cap-view-default) .elementor-drop-cap-letter{width:1em;height:1em}.elementor-widget-text-editor .elementor-drop-cap{float:left;text-align:center;line-height:1;font-size:50px}.elementor-widget-text-editor .elementor-drop-cap-letter{display:inline-block}<\/style>\t\t\t\t<h2>Se vende permiso de conducir suizo - Comprar permiso de conducir suizo aut\u00e9ntico<\/h2>\n<div>\n<div>Si quiere aprender a conducir en Suiza, debe tener un permiso provisional. <strong>Permiso de conducir suizo<\/strong> y realizar un examen te\u00f3rico y pr\u00e1ctico. En Suiza, los conductores reci\u00e9n titulados reciben un permiso de conducir provisional durante un periodo de seis meses. Al final del periodo de prueba y tras superar una serie de cursos y ex\u00e1menes adicionales exigidos por la ley, reciben su permiso de conducir suizo definitivo. Hay distintos tipos de permisos de conducir para distintos tipos de veh\u00edculos, y cada categor\u00eda tiene sus propios requisitos. Tambi\u00e9n puede obtener un permiso de conducir internacional si vive en <a href=\"https:\/\/kaufenfuhrerschein.com\/es\/permiso-de-conducir\/\">un<\/a> quiere conducir en otro pa\u00eds. Es posible que le retiren el permiso de conducir provisional o definitivo si es culpable de una infracci\u00f3n de tr\u00e1fico. \u00bfPOR QU\u00c9 GASTAR TIEMPO Y DINERO EN SOLICITAR UN PERMISO DE CONDUCIR SUIZO CUANDO NOSOTROS PODEMOS HACERLO POR USTED?<\/div>\n<h2>Comprar permiso de conducir para Suiza por Internet<\/h2>\n<div>\n<p>Obtener el permiso de conducir suizo es una tarea larga. En primer lugar, hay que completar diez horas de clases de primeros auxilios, seguidas de un examen te\u00f3rico. Una vez que tenga el permiso de conducir provisional, tendr\u00e1 que completar ocho horas de clases de seguridad vial y algunas m\u00e1s despu\u00e9s de aprobar el examen de conducir.<a href=\"https:\/\/en.wikipedia.org\/wiki\/Driver%27s_license\"> Su<\/a> Permiso de conducir suizo. Hay mucho papeleo que rellenar a lo largo del proceso y tendr\u00e1 que lidiar con lenguas nacionales como el italiano, el alem\u00e1n o el franc\u00e9s. Si no supera alguna de las pruebas, su solicitud ser\u00e1 rechazada, lo que puede provocar m\u00e1s retrasos en la obtenci\u00f3n del codiciado documento. Con un permiso de conducir suizo falso, podr\u00e1 evitar por completo estos problemas. Ofrecemos una amplia gama de documentos aut\u00e9nticos registrados en la base de datos central. Inf\u00f3rmese hoy mismo sobre nuestros servicios y comun\u00edquenos sus necesidades.<\/p>\n<\/div>\n<div>\n<h3>Se vende permiso de conducir suizo<\/h3>\n<p>\u00bfEst\u00e1 interesado en comprar un permiso de conducir suizo por Internet? \u00bfEs obligatorio el permiso de conducir en Suiza? \u00bfEst\u00e1 pensando en viajar a Suiza? \u00bfNecesita un archivo que no puede obtener? Si su respuesta es afirmativa, ha llegado al lugar adecuado.<\/p>\n<p>Contamos con un equipo de personal competente, experimentado y capacitado que sabe c\u00f3mo recrear las caracter\u00edsticas exactas de la misma manera que el Departamento de Veh\u00edculos Motorizados (DMV). Como el m\u00e1s reputado permiso de conducir falso a la venta online en Suiza, el Reino Unido y Europa, tenemos un equipo de personal competente, experimentado y capacitado que sabe c\u00f3mo recrear las caracter\u00edsticas exactas de la misma manera que el Departamento de Veh\u00edculos Motorizados (DMV). No busque m\u00e1s all\u00e1 de abzdocs si est\u00e1 buscando el mejor lugar para comprar un permiso de conducir falso online en Suiza, Reino Unido o Europa.<\/p>\n<h4>Razones por las que deber\u00eda comprar el permiso de conducir por Internet con nosotros<br \/>En 2ndlicesne expedimos tanto permisos de conducir registrados como no registrados para Suiza.<\/h4>\n<p>Permiso de conducir registrado: Introducimos toda su informaci\u00f3n en el marco de la base de informaci\u00f3n de Suiza para el DL de Suiza inscrito. Sus sutilezas sin duda se mostrar\u00e1 en el marco por ciento 100 genuino cuando se prueba para utilizar una m\u00e1quina de comprensi\u00f3n de la informaci\u00f3n. Como resultado, usted ser\u00e1 capaz de utilizar legalmente en cualquier lugar, ya que es id\u00e9ntica a la proporcionada por la legislatura.<\/p>\n<\/div>\n<\/div>\t\t\t\t\t\t<\/div>\n\t\t\t\t<\/div>\n\t\t\t\t\t<\/div>\n\t\t<\/div>\n\t\t\t\t\t\t\t<\/div>\n\t\t<\/section>\n\t\t\t\t\t\t<\/div>\n\t\t\t\t\t<\/div>","protected":false},"excerpt":{"rendered":"<p>Schweizer F\u00fchrerschein zu verkaufen &#8211; Kaufen Schweiz echte F\u00fchrerschein Wenn Sie in der Schweiz fahren lernen m\u00f6chten, m\u00fcssen Sie einen vorl\u00e4ufigen Schweizer F\u00fchrerschein erwerben und eine theoretische und praktische Pr\u00fcfung ablegen. Neu ausgebildete Fahrerinnen und Fahrer erhalten in der Schweiz einen F\u00fchrerschein auf Probe f\u00fcr einen Zeitraum von sechs Monaten. Nach Ablauf der Probezeit und [&hellip;]<\/p>","protected":false},"author":1,"featured_media":0,"parent":0,"menu_order":0,"comment_status":"closed","ping_status":"closed","template":"","meta":{"_joinchat":{"telephone":"+4915215168855"},"footnotes":""},"class_list":["post-7613","page","type-page","status-publish","hentry"],"yoast_head":"<!-- This site is optimized with the Yoast SEO plugin v21.5 - https:\/\/yoast.com\/wordpress\/plugins\/seo\/ -->\n<title>Schweiz F\u00fchrerschein zu verkaufen | Echte und gef\u00e4lschte F\u00fchrerscheine<\/title>\n<meta name=\"description\" content=\"Schweiz F\u00fchrerschein zu verkaufen, Kaufen Sie echte Qualit\u00e4t Schweizer F\u00fchrerschein . G\u00fcltigkeitsdauer 10 Jahre. Wunsch. Lizenz zu verkaufen.\" \/>\n<meta name=\"robots\" content=\"index, follow, max-snippet:-1, max-image-preview:large, max-video-preview:-1\" \/>\n<link rel=\"canonical\" href=\"https:\/\/kaufenfuhrerschein.com\/es\/schweiz-fuhrerschein-zu-verkaufen\/\" \/>\n<meta property=\"og:locale\" content=\"es_ES\" \/>\n<meta property=\"og:type\" content=\"article\" \/>\n<meta property=\"og:title\" content=\"Schweiz F\u00fchrerschein zu verkaufen | Echte und gef\u00e4lschte F\u00fchrerscheine\" \/>\n<meta property=\"og:description\" content=\"Schweiz F\u00fchrerschein zu verkaufen, Kaufen Sie echte Qualit\u00e4t Schweizer F\u00fchrerschein . G\u00fcltigkeitsdauer 10 Jahre. Wunsch. Lizenz zu verkaufen.\" \/>\n<meta property=\"og:url\" content=\"https:\/\/kaufenfuhrerschein.com\/es\/schweiz-fuhrerschein-zu-verkaufen\/\" \/>\n<meta property=\"og:site_name\" content=\"Kaufen Fuhrerschein\" \/>\n<meta property=\"article:modified_time\" content=\"2022-04-02T12:15:50+00:00\" \/>\n<meta property=\"og:image\" content=\"https:\/\/kaufenfuhrerschein.com\/wp-content\/uploads\/2021\/11\/switzerland.jpg\" \/>\n<meta name=\"twitter:card\" content=\"summary_large_image\" \/>\n<meta name=\"twitter:label1\" content=\"Tiempo de lectura\" \/>\n\t<meta name=\"twitter:data1\" content=\"3 minutos\" \/>\n<script type=\"application\/ld+json\" class=\"yoast-schema-graph\">{\"@context\":\"https:\/\/schema.org\",\"@graph\":[{\"@type\":\"WebPage\",\"@id\":\"https:\/\/kaufenfuhrerschein.com\/schweiz-fuhrerschein-zu-verkaufen\/\",\"url\":\"https:\/\/kaufenfuhrerschein.com\/schweiz-fuhrerschein-zu-verkaufen\/\",\"name\":\"Schweiz F\u00fchrerschein zu verkaufen | Echte und gef\u00e4lschte F\u00fchrerscheine\",\"isPartOf\":{\"@id\":\"https:\/\/kaufenfuhrerschein.com\/#website\"},\"datePublished\":\"2022-04-02T11:46:33+00:00\",\"dateModified\":\"2022-04-02T12:15:50+00:00\",\"description\":\"Schweiz F\u00fchrerschein zu verkaufen, Kaufen Sie echte Qualit\u00e4t Schweizer F\u00fchrerschein . G\u00fcltigkeitsdauer 10 Jahre. Wunsch. Lizenz zu verkaufen.\",\"breadcrumb\":{\"@id\":\"https:\/\/kaufenfuhrerschein.com\/schweiz-fuhrerschein-zu-verkaufen\/#breadcrumb\"},\"inLanguage\":\"es\",\"potentialAction\":[{\"@type\":\"ReadAction\",\"target\":[\"https:\/\/kaufenfuhrerschein.com\/schweiz-fuhrerschein-zu-verkaufen\/\"]}]},{\"@type\":\"BreadcrumbList\",\"@id\":\"https:\/\/kaufenfuhrerschein.com\/schweiz-fuhrerschein-zu-verkaufen\/#breadcrumb\",\"itemListElement\":[{\"@type\":\"ListItem\",\"position\":1,\"name\":\"Home\",\"item\":\"https:\/\/kaufenfuhrerschein.com\/\"},{\"@type\":\"ListItem\",\"position\":2,\"name\":\"Schweiz F\u00fchrerschein zu verkaufen &#8211; Echte und gef\u00e4lschte Schweizer F\u00fchrerschein zu verkaufen\"}]},{\"@type\":\"WebSite\",\"@id\":\"https:\/\/kaufenfuhrerschein.com\/#website\",\"url\":\"https:\/\/kaufenfuhrerschein.com\/\",\"name\":\"Kaufen Fuhrerschein\",\"description\":\"Deutschen Fuhrerschein Kaufen\",\"potentialAction\":[{\"@type\":\"SearchAction\",\"target\":{\"@type\":\"EntryPoint\",\"urlTemplate\":\"https:\/\/kaufenfuhrerschein.com\/?s={search_term_string}\"},\"query-input\":\"required name=search_term_string\"}],\"inLanguage\":\"es\"}]}<\/script>\n<!-- \/ Yoast SEO plugin. -->","yoast_head_json":{"title":"Schweiz F\u00fchrerschein zu verkaufen | Echte und gef\u00e4lschte F\u00fchrerscheine","description":"Schweiz F\u00fchrerschein zu verkaufen, Kaufen Sie echte Qualit\u00e4t Schweizer F\u00fchrerschein . G\u00fcltigkeitsdauer 10 Jahre. Wunsch. Lizenz zu verkaufen.","robots":{"index":"index","follow":"follow","max-snippet":"max-snippet:-1","max-image-preview":"max-image-preview:large","max-video-preview":"max-video-preview:-1"},"canonical":"https:\/\/kaufenfuhrerschein.com\/es\/schweiz-fuhrerschein-zu-verkaufen\/","og_locale":"es_ES","og_type":"article","og_title":"Schweiz F\u00fchrerschein zu verkaufen | Echte und gef\u00e4lschte F\u00fchrerscheine","og_description":"Schweiz F\u00fchrerschein zu verkaufen, Kaufen Sie echte Qualit\u00e4t Schweizer F\u00fchrerschein . G\u00fcltigkeitsdauer 10 Jahre. Wunsch. Lizenz zu verkaufen.","og_url":"https:\/\/kaufenfuhrerschein.com\/es\/schweiz-fuhrerschein-zu-verkaufen\/","og_site_name":"Kaufen Fuhrerschein","article_modified_time":"2022-04-02T12:15:50+00:00","og_image":[{"url":"https:\/\/kaufenfuhrerschein.com\/wp-content\/uploads\/2021\/11\/switzerland.jpg"}],"twitter_card":"summary_large_image","twitter_misc":{"Tiempo de lectura":"3 minutos"},"schema":{"@context":"https:\/\/schema.org","@graph":[{"@type":"WebPage","@id":"https:\/\/kaufenfuhrerschein.com\/schweiz-fuhrerschein-zu-verkaufen\/","url":"https:\/\/kaufenfuhrerschein.com\/schweiz-fuhrerschein-zu-verkaufen\/","name":"Schweiz F\u00fchrerschein zu verkaufen | Echte und gef\u00e4lschte F\u00fchrerscheine","isPartOf":{"@id":"https:\/\/kaufenfuhrerschein.com\/#website"},"datePublished":"2022-04-02T11:46:33+00:00","dateModified":"2022-04-02T12:15:50+00:00","description":"Schweiz F\u00fchrerschein zu verkaufen, Kaufen Sie echte Qualit\u00e4t Schweizer F\u00fchrerschein . G\u00fcltigkeitsdauer 10 Jahre. Wunsch. Lizenz zu verkaufen.","breadcrumb":{"@id":"https:\/\/kaufenfuhrerschein.com\/schweiz-fuhrerschein-zu-verkaufen\/#breadcrumb"},"inLanguage":"es","potentialAction":[{"@type":"ReadAction","target":["https:\/\/kaufenfuhrerschein.com\/schweiz-fuhrerschein-zu-verkaufen\/"]}]},{"@type":"BreadcrumbList","@id":"https:\/\/kaufenfuhrerschein.com\/schweiz-fuhrerschein-zu-verkaufen\/#breadcrumb","itemListElement":[{"@type":"ListItem","position":1,"name":"Home","item":"https:\/\/kaufenfuhrerschein.com\/"},{"@type":"ListItem","position":2,"name":"Schweiz F\u00fchrerschein zu verkaufen &#8211; Echte und gef\u00e4lschte Schweizer F\u00fchrerschein zu verkaufen"}]},{"@type":"WebSite","@id":"https:\/\/kaufenfuhrerschein.com\/#website","url":"https:\/\/kaufenfuhrerschein.com\/","name":"Kaufen Fuhrerschein","description":"Deutschen Fuhrerschein Kaufen","potentialAction":[{"@type":"SearchAction","target":{"@type":"EntryPoint","urlTemplate":"https:\/\/kaufenfuhrerschein.com\/?s={search_term_string}"},"query-input":"required name=search_term_string"}],"inLanguage":"es"}]}},"_links":{"self":[{"href":"https:\/\/kaufenfuhrerschein.com\/es\/wp-json\/wp\/v2\/pages\/7613","targetHints":{"allow":["GET"]}}],"collection":[{"href":"https:\/\/kaufenfuhrerschein.com\/es\/wp-json\/wp\/v2\/pages"}],"about":[{"href":"https:\/\/kaufenfuhrerschein.com\/es\/wp-json\/wp\/v2\/types\/page"}],"author":[{"embeddable":true,"href":"https:\/\/kaufenfuhrerschein.com\/es\/wp-json\/wp\/v2\/users\/1"}],"replies":[{"embeddable":true,"href":"https:\/\/kaufenfuhrerschein.com\/es\/wp-json\/wp\/v2\/comments?post=7613"}],"version-history":[{"count":12,"href":"https:\/\/kaufenfuhrerschein.com\/es\/wp-json\/wp\/v2\/pages\/7613\/revisions"}],"predecessor-version":[{"id":7626,"href":"https:\/\/kaufenfuhrerschein.com\/es\/wp-json\/wp\/v2\/pages\/7613\/revisions\/7626"}],"wp:attachment":[{"href":"https:\/\/kaufenfuhrerschein.com\/es\/wp-json\/wp\/v2\/media?parent=7613"}],"curies":[{"name":"wp","href":"https:\/\/api.w.org\/{rel}","templated":true}]}}