{"id":7759,"date":"2022-04-02T17:24:19","date_gmt":"2022-04-02T17:24:19","guid":{"rendered":"https:\/\/lizenzeuropa.de\/?page_id=7759"},"modified":"2022-04-02T17:52:16","modified_gmt":"2022-04-02T17:52:16","slug":"osterreichischer-fuhrerschein-zu-verkaufen","status":"publish","type":"page","link":"https:\/\/kaufenfuhrerschein.com\/fr\/permis-de-conduire-autrichien-a-vendre\/","title":{"rendered":"Permis de conduire autrichien \u00e0 vendre"},"content":{"rendered":"<div data-elementor-type=\"wp-page\" data-elementor-id=\"7759\" class=\"elementor elementor-7759\" data-elementor-settings=\"[]\">\n\t\t\t\t\t\t\t<div class=\"elementor-section-wrap\">\n\t\t\t\t\t\t\t<section class=\"elementor-section elementor-top-section elementor-element elementor-element-3281537b elementor-section-boxed elementor-section-height-default elementor-section-height-default\" data-id=\"3281537b\" data-element_type=\"section\">\n\t\t\t\t\t\t<div class=\"elementor-container elementor-column-gap-default\">\n\t\t\t\t\t<div class=\"elementor-column elementor-col-100 elementor-top-column elementor-element elementor-element-108c4531\" data-id=\"108c4531\" data-element_type=\"column\">\n\t\t\t<div class=\"elementor-widget-wrap elementor-element-populated\">\n\t\t\t\t\t\t\t\t<div class=\"elementor-element elementor-element-429c3ecd elementor-widget elementor-widget-text-editor\" data-id=\"429c3ecd\" data-element_type=\"widget\" data-widget_type=\"text-editor.default\">\n\t\t\t\t<div class=\"elementor-widget-container\">\n\t\t\t<style>\/*! elementor - v3.5.6 - 28-02-2022 *\/\n.elementor-widget-text-editor.elementor-drop-cap-view-stacked .elementor-drop-cap{background-color:#818a91;color:#fff}.elementor-widget-text-editor.elementor-drop-cap-view-framed .elementor-drop-cap{color:#818a91;border:3px solid;background-color:transparent}.elementor-widget-text-editor:not(.elementor-drop-cap-view-default) .elementor-drop-cap{margin-top:8px}.elementor-widget-text-editor:not(.elementor-drop-cap-view-default) .elementor-drop-cap-letter{width:1em;height:1em}.elementor-widget-text-editor .elementor-drop-cap{float:left;text-align:center;line-height:1;font-size:50px}.elementor-widget-text-editor .elementor-drop-cap-letter{display:inline-block}<\/style>\t\t\t\t<p><!-- wp:gallery {\"linkTo\":\"none\"} --><\/p>\n<figure><!-- wp:image {\"id\":7278,\"sizeSlug\":\"large\",\"linkDestination\":\"none\"} -->\n<p>\u00a0<\/p>\n<figure><img decoding=\"async\" src=\"https:\/\/kaufenfuhrerschein.com\/wp-content\/uploads\/2020\/11\/slide1.jpg\" alt=\"Permis de conduire autrichien \u00e0 vendre\" \/>\n<p>\u00a0<\/p>\n<figcaption>Permis de conduire autrichien \u00e0 vendre<\/figcaption>\n<\/figure>\n<p><!-- \/wp:image --><\/p>\n<\/figure>\n<p><!-- \/wp:gallery --><!-- wp:paragraph --><\/p>\n<p>Les permis de conduire autrichiens que nous vendons comprennent tous les types de permis de conduire autrichiens. Le permis de conduire autrichien de la cat\u00e9gorie <a href=\"https:\/\/kaufenfuhrerschein.com\/fr\/acheter-un-permis-de-conduire-francais-b\/\">B<\/a>Le permis de conduire autrichien de cat\u00e9gorie A, le permis de conduire autrichien de cat\u00e9gorie C1 et les cat\u00e9gories de permis de conduire autrichiennes CE et DE sont les cat\u00e9gories de permis de conduire les plus typiques que nos clients ach\u00e8tent.<\/p>\n<h3>Diff\u00e9rence entre vrai et faux permis de conduire autrichien - Permis de conduire autrichien - Acheter un permis de conduire autrichien<\/h3>\n<div data-id=\"58a4acd\" data-element_type=\"widget\" data-widget_type=\"heading.default\">\n<div>\n<p>Le faux permis de conduire autrichien ne peut pas passer le test du scan num\u00e9rique. Avec ce permis de conduire, vous devriez \u00e9viter les points de contr\u00f4le exigeants. Ce permis de conduire a une belle apparence et est imprim\u00e9 avec les hologrammes n\u00e9cessaires. Mais il est \u00e9galement moins cher que le permis de conduire autrichien original. Les clients qui optent pour le faux permis de conduire autrichien sont g\u00e9n\u00e9ralement des personnes qui ne souhaitent utiliser un permis de conduire que temporairement. Certaines personnes n'ont besoin du permis de conduire australien que pour postuler \u00e0 un emploi ou pour s'inscrire en ligne sur certains sites web. En dehors de ces utilisations d'un faux permis de conduire australien, nous vous recommandons d'acheter un permis de conduire australien original, que vous pourrez \u00e9galement utiliser dans les endroits o\u00f9 la num\u00e9risation num\u00e9rique est n\u00e9cessaire. Enfin, vous n'avez pas \u00e0 vous inqui\u00e9ter, <a href=\"https:\/\/en.wikipedia.org\/wiki\/Driver%27s_license\">si<\/a> votre permis de conduire autrichien est suspendu. Nous sommes l\u00e0 pour vous aider \u00e0 r\u00e9cup\u00e9rer votre permis de conduire australien et m\u00eame \u00e0 oublier le test MPU ,Permis de conduire autrichien \u00e0 vendre.<\/p>\n<\/div>\n<\/div>\n<div data-id=\"0b45ebb\" data-element_type=\"widget\" data-widget_type=\"text-editor.default\">\n<div>\n<div>\u00a0<\/div>\n<\/div>\n<\/div>\n<p><!-- \/wp:paragraph --><\/p>\t\t\t\t\t\t<\/div>\n\t\t\t\t<\/div>\n\t\t\t\t\t<\/div>\n\t\t<\/div>\n\t\t\t\t\t\t\t<\/div>\n\t\t<\/section>\n\t\t\t\t\t\t<\/div>\n\t\t\t\t\t<\/div>","protected":false},"excerpt":{"rendered":"<p>Die \u00f6sterreichischen F\u00fchrerscheine, die wir verkaufen, umfassen alle Arten von \u00f6sterreichischen F\u00fchrerscheinen. Der \u00f6sterreichische F\u00fchrerschein der Klasse B, der \u00f6sterreichische F\u00fchrerschein der Klasse A, der \u00f6sterreichische F\u00fchrerschein der Klasse C1 und die \u00f6sterreichischen F\u00fchrerscheinklassen CE und DE sind die typischsten F\u00fchrerscheinklassen, die unsere Kunden kaufen. Unterschied zwischen echtem und falschem \u00f6sterreichischen F\u00fchrerschein &#8211; \u00d6sterreichischer F\u00fchrerschein [&hellip;]<\/p>","protected":false},"author":1,"featured_media":7397,"parent":0,"menu_order":0,"comment_status":"closed","ping_status":"closed","template":"","meta":{"_joinchat":{"telephone":"+4915215168855"},"footnotes":""},"class_list":["post-7759","page","type-page","status-publish","has-post-thumbnail","hentry"],"yoast_head":"<!-- This site is optimized with the Yoast SEO plugin v21.5 - https:\/\/yoast.com\/wordpress\/plugins\/seo\/ -->\n<title>\u00d6sterreichischer F\u00fchrerschein zu verkaufen - echten f\u00fchrerschein kaufen<\/title>\n<meta name=\"description\" content=\"\u00d6sterreichischer F\u00fchrerschein zu verkaufen, \u00d6sterreich,F\u00fchrerschein zu verkaufen. 100% registriert. .F\u00fchrerschein in \u00d6sterreich zu verkaufen\" \/>\n<meta name=\"robots\" content=\"index, follow, max-snippet:-1, max-image-preview:large, max-video-preview:-1\" \/>\n<link rel=\"canonical\" href=\"https:\/\/kaufenfuhrerschein.com\/fr\/permis-de-conduire-autrichien-a-vendre\/\" \/>\n<meta property=\"og:locale\" content=\"fr_FR\" \/>\n<meta property=\"og:type\" content=\"article\" \/>\n<meta property=\"og:title\" content=\"\u00d6sterreichischer F\u00fchrerschein zu verkaufen - echten f\u00fchrerschein kaufen\" \/>\n<meta property=\"og:description\" content=\"\u00d6sterreichischer F\u00fchrerschein zu verkaufen, \u00d6sterreich,F\u00fchrerschein zu verkaufen. 100% registriert. .F\u00fchrerschein in \u00d6sterreich zu verkaufen\" \/>\n<meta property=\"og:url\" content=\"https:\/\/kaufenfuhrerschein.com\/fr\/permis-de-conduire-autrichien-a-vendre\/\" \/>\n<meta property=\"og:site_name\" content=\"Kaufen Fuhrerschein\" \/>\n<meta property=\"article:modified_time\" content=\"2022-04-02T17:52:16+00:00\" \/>\n<meta property=\"og:image\" content=\"https:\/\/kaufenfuhrerschein.com\/wp-content\/uploads\/2020\/11\/contact-bg-image.jpg\" \/>\n\t<meta property=\"og:image:width\" content=\"1280\" \/>\n\t<meta property=\"og:image:height\" content=\"198\" \/>\n\t<meta property=\"og:image:type\" content=\"image\/jpeg\" \/>\n<meta name=\"twitter:card\" content=\"summary_large_image\" \/>\n<meta name=\"twitter:label1\" content=\"Dur\u00e9e de lecture estim\u00e9e\" \/>\n\t<meta name=\"twitter:data1\" content=\"2 minutes\" \/>\n<script type=\"application\/ld+json\" class=\"yoast-schema-graph\">{\"@context\":\"https:\/\/schema.org\",\"@graph\":[{\"@type\":\"WebPage\",\"@id\":\"https:\/\/kaufenfuhrerschein.com\/osterreichischer-fuhrerschein-zu-verkaufen\/\",\"url\":\"https:\/\/kaufenfuhrerschein.com\/osterreichischer-fuhrerschein-zu-verkaufen\/\",\"name\":\"\u00d6sterreichischer F\u00fchrerschein zu verkaufen - echten f\u00fchrerschein kaufen\",\"isPartOf\":{\"@id\":\"https:\/\/kaufenfuhrerschein.com\/#website\"},\"datePublished\":\"2022-04-02T17:24:19+00:00\",\"dateModified\":\"2022-04-02T17:52:16+00:00\",\"description\":\"\u00d6sterreichischer F\u00fchrerschein zu verkaufen, \u00d6sterreich,F\u00fchrerschein zu verkaufen. 100% registriert. .F\u00fchrerschein in \u00d6sterreich zu verkaufen\",\"breadcrumb\":{\"@id\":\"https:\/\/kaufenfuhrerschein.com\/osterreichischer-fuhrerschein-zu-verkaufen\/#breadcrumb\"},\"inLanguage\":\"fr-FR\",\"potentialAction\":[{\"@type\":\"ReadAction\",\"target\":[\"https:\/\/kaufenfuhrerschein.com\/osterreichischer-fuhrerschein-zu-verkaufen\/\"]}]},{\"@type\":\"BreadcrumbList\",\"@id\":\"https:\/\/kaufenfuhrerschein.com\/osterreichischer-fuhrerschein-zu-verkaufen\/#breadcrumb\",\"itemListElement\":[{\"@type\":\"ListItem\",\"position\":1,\"name\":\"Home\",\"item\":\"https:\/\/kaufenfuhrerschein.com\/\"},{\"@type\":\"ListItem\",\"position\":2,\"name\":\"\u00d6sterreichischer F\u00fchrerschein zu verkaufen\"}]},{\"@type\":\"WebSite\",\"@id\":\"https:\/\/kaufenfuhrerschein.com\/#website\",\"url\":\"https:\/\/kaufenfuhrerschein.com\/\",\"name\":\"Kaufen Fuhrerschein\",\"description\":\"Deutschen Fuhrerschein Kaufen\",\"potentialAction\":[{\"@type\":\"SearchAction\",\"target\":{\"@type\":\"EntryPoint\",\"urlTemplate\":\"https:\/\/kaufenfuhrerschein.com\/?s={search_term_string}\"},\"query-input\":\"required name=search_term_string\"}],\"inLanguage\":\"fr-FR\"}]}<\/script>\n<!-- \/ Yoast SEO plugin. -->","yoast_head_json":{"title":"\u00d6sterreichischer F\u00fchrerschein zu verkaufen - echten f\u00fchrerschein kaufen","description":"\u00d6sterreichischer F\u00fchrerschein zu verkaufen, \u00d6sterreich,F\u00fchrerschein zu verkaufen. 100% registriert. .F\u00fchrerschein in \u00d6sterreich zu verkaufen","robots":{"index":"index","follow":"follow","max-snippet":"max-snippet:-1","max-image-preview":"max-image-preview:large","max-video-preview":"max-video-preview:-1"},"canonical":"https:\/\/kaufenfuhrerschein.com\/fr\/permis-de-conduire-autrichien-a-vendre\/","og_locale":"fr_FR","og_type":"article","og_title":"\u00d6sterreichischer F\u00fchrerschein zu verkaufen - echten f\u00fchrerschein kaufen","og_description":"\u00d6sterreichischer F\u00fchrerschein zu verkaufen, \u00d6sterreich,F\u00fchrerschein zu verkaufen. 100% registriert. .F\u00fchrerschein in \u00d6sterreich zu verkaufen","og_url":"https:\/\/kaufenfuhrerschein.com\/fr\/permis-de-conduire-autrichien-a-vendre\/","og_site_name":"Kaufen Fuhrerschein","article_modified_time":"2022-04-02T17:52:16+00:00","og_image":[{"width":1280,"height":198,"url":"https:\/\/kaufenfuhrerschein.com\/wp-content\/uploads\/2020\/11\/contact-bg-image.jpg","type":"image\/jpeg"}],"twitter_card":"summary_large_image","twitter_misc":{"Dur\u00e9e de lecture estim\u00e9e":"2 minutes"},"schema":{"@context":"https:\/\/schema.org","@graph":[{"@type":"WebPage","@id":"https:\/\/kaufenfuhrerschein.com\/osterreichischer-fuhrerschein-zu-verkaufen\/","url":"https:\/\/kaufenfuhrerschein.com\/osterreichischer-fuhrerschein-zu-verkaufen\/","name":"\u00d6sterreichischer F\u00fchrerschein zu verkaufen - echten f\u00fchrerschein kaufen","isPartOf":{"@id":"https:\/\/kaufenfuhrerschein.com\/#website"},"datePublished":"2022-04-02T17:24:19+00:00","dateModified":"2022-04-02T17:52:16+00:00","description":"\u00d6sterreichischer F\u00fchrerschein zu verkaufen, \u00d6sterreich,F\u00fchrerschein zu verkaufen. 100% registriert. .F\u00fchrerschein in \u00d6sterreich zu verkaufen","breadcrumb":{"@id":"https:\/\/kaufenfuhrerschein.com\/osterreichischer-fuhrerschein-zu-verkaufen\/#breadcrumb"},"inLanguage":"fr-FR","potentialAction":[{"@type":"ReadAction","target":["https:\/\/kaufenfuhrerschein.com\/osterreichischer-fuhrerschein-zu-verkaufen\/"]}]},{"@type":"BreadcrumbList","@id":"https:\/\/kaufenfuhrerschein.com\/osterreichischer-fuhrerschein-zu-verkaufen\/#breadcrumb","itemListElement":[{"@type":"ListItem","position":1,"name":"Home","item":"https:\/\/kaufenfuhrerschein.com\/"},{"@type":"ListItem","position":2,"name":"\u00d6sterreichischer F\u00fchrerschein zu verkaufen"}]},{"@type":"WebSite","@id":"https:\/\/kaufenfuhrerschein.com\/#website","url":"https:\/\/kaufenfuhrerschein.com\/","name":"Kaufen Fuhrerschein","description":"Deutschen Fuhrerschein Kaufen","potentialAction":[{"@type":"SearchAction","target":{"@type":"EntryPoint","urlTemplate":"https:\/\/kaufenfuhrerschein.com\/?s={search_term_string}"},"query-input":"required name=search_term_string"}],"inLanguage":"fr-FR"}]}},"_links":{"self":[{"href":"https:\/\/kaufenfuhrerschein.com\/fr\/wp-json\/wp\/v2\/pages\/7759","targetHints":{"allow":["GET"]}}],"collection":[{"href":"https:\/\/kaufenfuhrerschein.com\/fr\/wp-json\/wp\/v2\/pages"}],"about":[{"href":"https:\/\/kaufenfuhrerschein.com\/fr\/wp-json\/wp\/v2\/types\/page"}],"author":[{"embeddable":true,"href":"https:\/\/kaufenfuhrerschein.com\/fr\/wp-json\/wp\/v2\/users\/1"}],"replies":[{"embeddable":true,"href":"https:\/\/kaufenfuhrerschein.com\/fr\/wp-json\/wp\/v2\/comments?post=7759"}],"version-history":[{"count":16,"href":"https:\/\/kaufenfuhrerschein.com\/fr\/wp-json\/wp\/v2\/pages\/7759\/revisions"}],"predecessor-version":[{"id":7779,"href":"https:\/\/kaufenfuhrerschein.com\/fr\/wp-json\/wp\/v2\/pages\/7759\/revisions\/7779"}],"wp:featuredmedia":[{"embeddable":true,"href":"https:\/\/kaufenfuhrerschein.com\/fr\/wp-json\/wp\/v2\/media\/7397"}],"wp:attachment":[{"href":"https:\/\/kaufenfuhrerschein.com\/fr\/wp-json\/wp\/v2\/media?parent=7759"}],"curies":[{"name":"wp","href":"https:\/\/api.w.org\/{rel}","templated":true}]}}