{"id":7613,"date":"2022-04-02T11:46:33","date_gmt":"2022-04-02T11:46:33","guid":{"rendered":"https:\/\/lizenzeuropa.de\/?page_id=7613"},"modified":"2022-04-02T12:15:50","modified_gmt":"2022-04-02T12:15:50","slug":"schweiz-fuhrerschein-zu-verkaufen","status":"publish","type":"page","link":"https:\/\/kaufenfuhrerschein.com\/it\/schweiz-fuhrerschein-zu-verkaufen\/","title":{"rendered":"Vendita di patenti di guida svizzere - Vendita di patenti di guida svizzere vere e false"},"content":{"rendered":"<div data-elementor-type=\"wp-page\" data-elementor-id=\"7613\" class=\"elementor elementor-7613\" data-elementor-settings=\"[]\">\n\t\t\t\t\t\t\t<div class=\"elementor-section-wrap\">\n\t\t\t\t\t\t\t<section class=\"elementor-section elementor-top-section elementor-element elementor-element-82b4671 elementor-section-boxed elementor-section-height-default elementor-section-height-default\" data-id=\"82b4671\" data-element_type=\"section\">\n\t\t\t\t\t\t<div class=\"elementor-container elementor-column-gap-default\">\n\t\t\t\t\t<div class=\"elementor-column elementor-col-100 elementor-top-column elementor-element elementor-element-e26ad73\" data-id=\"e26ad73\" data-element_type=\"column\">\n\t\t\t<div class=\"elementor-widget-wrap elementor-element-populated\">\n\t\t\t\t\t\t\t\t<div class=\"elementor-element elementor-element-3b1f0ab elementor-widget elementor-widget-image\" data-id=\"3b1f0ab\" data-element_type=\"widget\" data-widget_type=\"image.default\">\n\t\t\t\t<div class=\"elementor-widget-container\">\n\t\t\t<style>\/*! elementor - v3.5.6 - 28-02-2022 *\/\n.elementor-widget-image{text-align:center}.elementor-widget-image a{display:inline-block}.elementor-widget-image a img[src$=\".svg\"]{width:48px}.elementor-widget-image img{vertical-align:middle;display:inline-block}<\/style>\t\t\t\t\t\t\t\t\t\t\t\t<img loading=\"lazy\" decoding=\"async\" width=\"800\" height=\"500\" src=\"https:\/\/kaufenfuhrerschein.com\/wp-content\/uploads\/2021\/11\/switzerland.jpg\" class=\"attachment-large size-large\" alt=\"Patente di guida EU in vendita\" srcset=\"https:\/\/kaufenfuhrerschein.com\/wp-content\/uploads\/2021\/11\/switzerland.jpg 800w, https:\/\/kaufenfuhrerschein.com\/wp-content\/uploads\/2021\/11\/switzerland-300x188.jpg 300w, https:\/\/kaufenfuhrerschein.com\/wp-content\/uploads\/2021\/11\/switzerland-768x480.jpg 768w\" sizes=\"auto, (max-width: 800px) 100vw, 800px\" \/>\t\t\t\t\t\t\t\t\t\t\t\t\t\t\t<\/div>\n\t\t\t\t<\/div>\n\t\t\t\t\t<\/div>\n\t\t<\/div>\n\t\t\t\t\t\t\t<\/div>\n\t\t<\/section>\n\t\t\t\t<section class=\"elementor-section elementor-top-section elementor-element elementor-element-02d043b elementor-section-boxed elementor-section-height-default elementor-section-height-default\" data-id=\"02d043b\" data-element_type=\"section\">\n\t\t\t\t\t\t<div class=\"elementor-container elementor-column-gap-default\">\n\t\t\t\t\t<div class=\"elementor-column elementor-col-100 elementor-top-column elementor-element elementor-element-2fc51c2\" data-id=\"2fc51c2\" data-element_type=\"column\">\n\t\t\t<div class=\"elementor-widget-wrap elementor-element-populated\">\n\t\t\t\t\t\t\t\t<div class=\"elementor-element elementor-element-aa8e8c0 elementor-widget elementor-widget-text-editor\" data-id=\"aa8e8c0\" data-element_type=\"widget\" data-widget_type=\"text-editor.default\">\n\t\t\t\t<div class=\"elementor-widget-container\">\n\t\t\t<style>\/*! elementor - v3.5.6 - 28-02-2022 *\/\n.elementor-widget-text-editor.elementor-drop-cap-view-stacked .elementor-drop-cap{background-color:#818a91;color:#fff}.elementor-widget-text-editor.elementor-drop-cap-view-framed .elementor-drop-cap{color:#818a91;border:3px solid;background-color:transparent}.elementor-widget-text-editor:not(.elementor-drop-cap-view-default) .elementor-drop-cap{margin-top:8px}.elementor-widget-text-editor:not(.elementor-drop-cap-view-default) .elementor-drop-cap-letter{width:1em;height:1em}.elementor-widget-text-editor .elementor-drop-cap{float:left;text-align:center;line-height:1;font-size:50px}.elementor-widget-text-editor .elementor-drop-cap-letter{display:inline-block}<\/style>\t\t\t\t<h2>Patente di guida svizzera in vendita - Acquistare la patente di guida reale della Svizzera<\/h2>\n<div>\n<div>Se volete imparare a guidare in Svizzera, dovete essere in possesso di una patente provvisoria. <strong>Patente di guida svizzera<\/strong> e sostenere un esame teorico e pratico. I neopatentati in Svizzera ricevono una patente di guida in prova per un periodo di sei mesi. Al termine del periodo di prova e dopo aver superato una serie di corsi ed esami supplementari previsti dalla legge, ricevono la patente di guida svizzera definitiva. Esistono diversi tipi di patente per diversi tipi di veicoli e ogni categoria ha i suoi requisiti. \u00c8 inoltre possibile ottenere una patente di guida internazionale se si risiede in <a href=\"https:\/\/kaufenfuhrerschein.com\/it\/patente-di-guida\/\">uno<\/a> volete guidare in un altro Paese. \u00c8 possibile che la vostra patente di guida provvisoria o permanente venga revocata se siete colpevoli di un'infrazione al codice della strada. PERCH\u00c9 SPENDERE STRESS, TEMPO E DENARO PER RICHIEDERE UNA PATENTE DI GUIDA SVIZZERA QUANDO POSSIAMO FARLO NOI PER VOI?<\/div>\n<h2>Acquistare la patente di guida per la Svizzera online<\/h2>\n<div>\n<p>Ottenere la patente di guida svizzera \u00e8 un compito lungo. Innanzitutto, bisogna completare dieci ore di lezioni di primo soccorso, seguite da un esame teorico. Una volta ottenuta la patente provvisoria, dovrete completare 8 ore di lezioni di sicurezza stradale e altre ancora dopo aver superato l'esame di guida.<a href=\"https:\/\/en.wikipedia.org\/wiki\/Driver%27s_license\"> Il tuo<\/a> Patente di guida svizzera. Il processo prevede una serie di documenti da compilare e la conoscenza di lingue nazionali come l'italiano, il tedesco o il francese. Se non superate uno dei test, la vostra domanda verr\u00e0 respinta, il che pu\u00f2 comportare ulteriori ritardi nell'ottenimento dell'agognato documento. Con una patente di guida svizzera falsa, potete evitare completamente questi problemi. Offriamo un'ampia gamma di documenti autentici, registrati nel database centrale. Scoprite oggi stesso i nostri servizi e comunicateci le vostre esigenze!<\/p>\n<\/div>\n<div>\n<h3>Patente di guida svizzera in vendita<\/h3>\n<p>Siete interessati ad acquistare una patente di guida svizzera online? La patente di guida \u00e8 obbligatoria in Svizzera? State pensando di recarvi in Svizzera? Avete bisogno di un archivio che non potete ottenere? Se avete risposto s\u00ec, siete nel posto giusto.<\/p>\n<p>Abbiamo un team di personale competente, esperto e formato che sa come ricreare le esatte caratteristiche allo stesso modo del Department of Motor Vehicles (DMV). Come la pi\u00f9 rinomata patente di guida falsa in vendita online in Svizzera, nel Regno Unito e in Europa, abbiamo un team di personale competente, esperto e preparato che sa come ricreare le caratteristiche esatte allo stesso modo del Dipartimento dei Veicoli a Motore (DMV). Non cercate altro che abzdocs se state cercando il posto migliore per acquistare una patente di guida falsa online in Svizzera, nel Regno Unito o in Europa.<\/p>\n<h4>I motivi per cui dovreste acquistare una patente di guida online con noi<br \/>2ndlicesne rilascia patenti di guida registrate e non registrate per la Svizzera.<\/h4>\n<p>Patente di guida registrata: inseriamo tutte le vostre informazioni nella base informativa svizzera per l'iscrizione al DL Svizzera. Le vostre informazioni risulteranno sicuramente autentiche al 100% nel quadro di riferimento quando sarete sottoposti a un test di comprensione delle informazioni. Di conseguenza, potrete utilizzarla legalmente ovunque perch\u00e9 \u00e8 identica a quella fornita dal legislatore.<\/p>\n<\/div>\n<\/div>\t\t\t\t\t\t<\/div>\n\t\t\t\t<\/div>\n\t\t\t\t\t<\/div>\n\t\t<\/div>\n\t\t\t\t\t\t\t<\/div>\n\t\t<\/section>\n\t\t\t\t\t\t<\/div>\n\t\t\t\t\t<\/div>","protected":false},"excerpt":{"rendered":"<p>Schweizer F\u00fchrerschein zu verkaufen &#8211; Kaufen Schweiz echte F\u00fchrerschein Wenn Sie in der Schweiz fahren lernen m\u00f6chten, m\u00fcssen Sie einen vorl\u00e4ufigen Schweizer F\u00fchrerschein erwerben und eine theoretische und praktische Pr\u00fcfung ablegen. Neu ausgebildete Fahrerinnen und Fahrer erhalten in der Schweiz einen F\u00fchrerschein auf Probe f\u00fcr einen Zeitraum von sechs Monaten. Nach Ablauf der Probezeit und [&hellip;]<\/p>","protected":false},"author":1,"featured_media":0,"parent":0,"menu_order":0,"comment_status":"closed","ping_status":"closed","template":"","meta":{"_joinchat":{"telephone":"+4915215168855"},"footnotes":""},"class_list":["post-7613","page","type-page","status-publish","hentry"],"yoast_head":"<!-- This site is optimized with the Yoast SEO plugin v21.5 - https:\/\/yoast.com\/wordpress\/plugins\/seo\/ -->\n<title>Schweiz F\u00fchrerschein zu verkaufen | Echte und gef\u00e4lschte F\u00fchrerscheine<\/title>\n<meta name=\"description\" content=\"Schweiz F\u00fchrerschein zu verkaufen, Kaufen Sie echte Qualit\u00e4t Schweizer F\u00fchrerschein . G\u00fcltigkeitsdauer 10 Jahre. Wunsch. Lizenz zu verkaufen.\" \/>\n<meta name=\"robots\" content=\"index, follow, max-snippet:-1, max-image-preview:large, max-video-preview:-1\" \/>\n<link rel=\"canonical\" href=\"https:\/\/kaufenfuhrerschein.com\/it\/schweiz-fuhrerschein-zu-verkaufen\/\" \/>\n<meta property=\"og:locale\" content=\"it_IT\" \/>\n<meta property=\"og:type\" content=\"article\" \/>\n<meta property=\"og:title\" content=\"Schweiz F\u00fchrerschein zu verkaufen | Echte und gef\u00e4lschte F\u00fchrerscheine\" \/>\n<meta property=\"og:description\" content=\"Schweiz F\u00fchrerschein zu verkaufen, Kaufen Sie echte Qualit\u00e4t Schweizer F\u00fchrerschein . G\u00fcltigkeitsdauer 10 Jahre. Wunsch. Lizenz zu verkaufen.\" \/>\n<meta property=\"og:url\" content=\"https:\/\/kaufenfuhrerschein.com\/it\/schweiz-fuhrerschein-zu-verkaufen\/\" \/>\n<meta property=\"og:site_name\" content=\"Kaufen Fuhrerschein\" \/>\n<meta property=\"article:modified_time\" content=\"2022-04-02T12:15:50+00:00\" \/>\n<meta property=\"og:image\" content=\"https:\/\/kaufenfuhrerschein.com\/wp-content\/uploads\/2021\/11\/switzerland.jpg\" \/>\n<meta name=\"twitter:card\" content=\"summary_large_image\" \/>\n<meta name=\"twitter:label1\" content=\"Tempo di lettura stimato\" \/>\n\t<meta name=\"twitter:data1\" content=\"3 minuti\" \/>\n<script type=\"application\/ld+json\" class=\"yoast-schema-graph\">{\"@context\":\"https:\/\/schema.org\",\"@graph\":[{\"@type\":\"WebPage\",\"@id\":\"https:\/\/kaufenfuhrerschein.com\/schweiz-fuhrerschein-zu-verkaufen\/\",\"url\":\"https:\/\/kaufenfuhrerschein.com\/schweiz-fuhrerschein-zu-verkaufen\/\",\"name\":\"Schweiz F\u00fchrerschein zu verkaufen | Echte und gef\u00e4lschte F\u00fchrerscheine\",\"isPartOf\":{\"@id\":\"https:\/\/kaufenfuhrerschein.com\/#website\"},\"datePublished\":\"2022-04-02T11:46:33+00:00\",\"dateModified\":\"2022-04-02T12:15:50+00:00\",\"description\":\"Schweiz F\u00fchrerschein zu verkaufen, Kaufen Sie echte Qualit\u00e4t Schweizer F\u00fchrerschein . G\u00fcltigkeitsdauer 10 Jahre. Wunsch. Lizenz zu verkaufen.\",\"breadcrumb\":{\"@id\":\"https:\/\/kaufenfuhrerschein.com\/schweiz-fuhrerschein-zu-verkaufen\/#breadcrumb\"},\"inLanguage\":\"it-IT\",\"potentialAction\":[{\"@type\":\"ReadAction\",\"target\":[\"https:\/\/kaufenfuhrerschein.com\/schweiz-fuhrerschein-zu-verkaufen\/\"]}]},{\"@type\":\"BreadcrumbList\",\"@id\":\"https:\/\/kaufenfuhrerschein.com\/schweiz-fuhrerschein-zu-verkaufen\/#breadcrumb\",\"itemListElement\":[{\"@type\":\"ListItem\",\"position\":1,\"name\":\"Home\",\"item\":\"https:\/\/kaufenfuhrerschein.com\/\"},{\"@type\":\"ListItem\",\"position\":2,\"name\":\"Schweiz F\u00fchrerschein zu verkaufen &#8211; Echte und gef\u00e4lschte Schweizer F\u00fchrerschein zu verkaufen\"}]},{\"@type\":\"WebSite\",\"@id\":\"https:\/\/kaufenfuhrerschein.com\/#website\",\"url\":\"https:\/\/kaufenfuhrerschein.com\/\",\"name\":\"Kaufen Fuhrerschein\",\"description\":\"Deutschen Fuhrerschein Kaufen\",\"potentialAction\":[{\"@type\":\"SearchAction\",\"target\":{\"@type\":\"EntryPoint\",\"urlTemplate\":\"https:\/\/kaufenfuhrerschein.com\/?s={search_term_string}\"},\"query-input\":\"required name=search_term_string\"}],\"inLanguage\":\"it-IT\"}]}<\/script>\n<!-- \/ Yoast SEO plugin. -->","yoast_head_json":{"title":"Schweiz F\u00fchrerschein zu verkaufen | Echte und gef\u00e4lschte F\u00fchrerscheine","description":"Schweiz F\u00fchrerschein zu verkaufen, Kaufen Sie echte Qualit\u00e4t Schweizer F\u00fchrerschein . G\u00fcltigkeitsdauer 10 Jahre. Wunsch. Lizenz zu verkaufen.","robots":{"index":"index","follow":"follow","max-snippet":"max-snippet:-1","max-image-preview":"max-image-preview:large","max-video-preview":"max-video-preview:-1"},"canonical":"https:\/\/kaufenfuhrerschein.com\/it\/schweiz-fuhrerschein-zu-verkaufen\/","og_locale":"it_IT","og_type":"article","og_title":"Schweiz F\u00fchrerschein zu verkaufen | Echte und gef\u00e4lschte F\u00fchrerscheine","og_description":"Schweiz F\u00fchrerschein zu verkaufen, Kaufen Sie echte Qualit\u00e4t Schweizer F\u00fchrerschein . G\u00fcltigkeitsdauer 10 Jahre. Wunsch. Lizenz zu verkaufen.","og_url":"https:\/\/kaufenfuhrerschein.com\/it\/schweiz-fuhrerschein-zu-verkaufen\/","og_site_name":"Kaufen Fuhrerschein","article_modified_time":"2022-04-02T12:15:50+00:00","og_image":[{"url":"https:\/\/kaufenfuhrerschein.com\/wp-content\/uploads\/2021\/11\/switzerland.jpg"}],"twitter_card":"summary_large_image","twitter_misc":{"Tempo di lettura stimato":"3 minuti"},"schema":{"@context":"https:\/\/schema.org","@graph":[{"@type":"WebPage","@id":"https:\/\/kaufenfuhrerschein.com\/schweiz-fuhrerschein-zu-verkaufen\/","url":"https:\/\/kaufenfuhrerschein.com\/schweiz-fuhrerschein-zu-verkaufen\/","name":"Schweiz F\u00fchrerschein zu verkaufen | Echte und gef\u00e4lschte F\u00fchrerscheine","isPartOf":{"@id":"https:\/\/kaufenfuhrerschein.com\/#website"},"datePublished":"2022-04-02T11:46:33+00:00","dateModified":"2022-04-02T12:15:50+00:00","description":"Schweiz F\u00fchrerschein zu verkaufen, Kaufen Sie echte Qualit\u00e4t Schweizer F\u00fchrerschein . G\u00fcltigkeitsdauer 10 Jahre. Wunsch. Lizenz zu verkaufen.","breadcrumb":{"@id":"https:\/\/kaufenfuhrerschein.com\/schweiz-fuhrerschein-zu-verkaufen\/#breadcrumb"},"inLanguage":"it-IT","potentialAction":[{"@type":"ReadAction","target":["https:\/\/kaufenfuhrerschein.com\/schweiz-fuhrerschein-zu-verkaufen\/"]}]},{"@type":"BreadcrumbList","@id":"https:\/\/kaufenfuhrerschein.com\/schweiz-fuhrerschein-zu-verkaufen\/#breadcrumb","itemListElement":[{"@type":"ListItem","position":1,"name":"Home","item":"https:\/\/kaufenfuhrerschein.com\/"},{"@type":"ListItem","position":2,"name":"Schweiz F\u00fchrerschein zu verkaufen &#8211; Echte und gef\u00e4lschte Schweizer F\u00fchrerschein zu verkaufen"}]},{"@type":"WebSite","@id":"https:\/\/kaufenfuhrerschein.com\/#website","url":"https:\/\/kaufenfuhrerschein.com\/","name":"Kaufen Fuhrerschein","description":"Deutschen Fuhrerschein Kaufen","potentialAction":[{"@type":"SearchAction","target":{"@type":"EntryPoint","urlTemplate":"https:\/\/kaufenfuhrerschein.com\/?s={search_term_string}"},"query-input":"required name=search_term_string"}],"inLanguage":"it-IT"}]}},"_links":{"self":[{"href":"https:\/\/kaufenfuhrerschein.com\/it\/wp-json\/wp\/v2\/pages\/7613","targetHints":{"allow":["GET"]}}],"collection":[{"href":"https:\/\/kaufenfuhrerschein.com\/it\/wp-json\/wp\/v2\/pages"}],"about":[{"href":"https:\/\/kaufenfuhrerschein.com\/it\/wp-json\/wp\/v2\/types\/page"}],"author":[{"embeddable":true,"href":"https:\/\/kaufenfuhrerschein.com\/it\/wp-json\/wp\/v2\/users\/1"}],"replies":[{"embeddable":true,"href":"https:\/\/kaufenfuhrerschein.com\/it\/wp-json\/wp\/v2\/comments?post=7613"}],"version-history":[{"count":12,"href":"https:\/\/kaufenfuhrerschein.com\/it\/wp-json\/wp\/v2\/pages\/7613\/revisions"}],"predecessor-version":[{"id":7626,"href":"https:\/\/kaufenfuhrerschein.com\/it\/wp-json\/wp\/v2\/pages\/7613\/revisions\/7626"}],"wp:attachment":[{"href":"https:\/\/kaufenfuhrerschein.com\/it\/wp-json\/wp\/v2\/media?parent=7613"}],"curies":[{"name":"wp","href":"https:\/\/api.w.org\/{rel}","templated":true}]}}