{"id":7727,"date":"2022-04-02T16:17:11","date_gmt":"2022-04-02T16:17:11","guid":{"rendered":"https:\/\/lizenzeuropa.de\/?page_id=7727"},"modified":"2025-01-06T06:49:21","modified_gmt":"2025-01-06T06:49:21","slug":"belgischer-fuhrerschein-zu-verkaufen","status":"publish","type":"page","link":"https:\/\/kaufenfuhrerschein.com\/it\/patente-di-guida-belga-in-vendita\/","title":{"rendered":"Patente di guida belga in vendita - Patente di guida del Belgio - Acquistare la patente di guida dell'UE"},"content":{"rendered":"<div data-elementor-type=\"wp-page\" data-elementor-id=\"7727\" class=\"elementor elementor-7727\" data-elementor-settings=\"[]\">\n\t\t\t\t\t\t\t<div class=\"elementor-section-wrap\">\n\t\t\t\t\t\t\t<section class=\"elementor-section elementor-top-section elementor-element elementor-element-2b8cce86 elementor-section-boxed elementor-section-height-default elementor-section-height-default\" data-id=\"2b8cce86\" data-element_type=\"section\">\n\t\t\t\t\t\t<div class=\"elementor-container elementor-column-gap-default\">\n\t\t\t\t\t<div class=\"elementor-column elementor-col-100 elementor-top-column elementor-element elementor-element-5b36d899\" data-id=\"5b36d899\" data-element_type=\"column\">\n\t\t\t<div class=\"elementor-widget-wrap elementor-element-populated\">\n\t\t\t\t\t\t\t\t<div class=\"elementor-element elementor-element-c114df0 elementor-widget elementor-widget-text-editor\" data-id=\"c114df0\" data-element_type=\"widget\" data-widget_type=\"text-editor.default\">\n\t\t\t\t<div class=\"elementor-widget-container\">\n\t\t\t<style>\/*! elementor - v3.5.6 - 28-02-2022 *\/\n.elementor-widget-text-editor.elementor-drop-cap-view-stacked .elementor-drop-cap{background-color:#818a91;color:#fff}.elementor-widget-text-editor.elementor-drop-cap-view-framed .elementor-drop-cap{color:#818a91;border:3px solid;background-color:transparent}.elementor-widget-text-editor:not(.elementor-drop-cap-view-default) .elementor-drop-cap{margin-top:8px}.elementor-widget-text-editor:not(.elementor-drop-cap-view-default) .elementor-drop-cap-letter{width:1em;height:1em}.elementor-widget-text-editor .elementor-drop-cap{float:left;text-align:center;line-height:1;font-size:50px}.elementor-widget-text-editor .elementor-drop-cap-letter{display:inline-block}<\/style>\t\t\t\t<figure><img decoding=\"async\" src=\"https:\/\/kaufenfuhrerschein.com\/wp-content\/uploads\/2021\/11\/belgium.jpg\" alt=\"Patente di guida in vendita\" \/>\n<p>\u00a0<\/p>\n<figcaption>\n<h2>ACQUISTO PATENTE DI GUIDA BELGA DIMENTICATA - Acquistare patente di guida falsa online - acquistare patente di guida illegale<\/h2>\n<p>\u00a0<a href=\"https:\/\/kaufenfuhrerschein.com\/it\/patente-di-guida-belga-in-vendita\/\">Falschen F\u00fchrerschein online<\/a> machen, Sind Sie daran interessiert, einen belgischen F\u00fchrerschein online zu erwerben? Ist in Belgien ein F\u00fchrerschein erforderlich? Haben Sie schon einmal versucht, nach Belgien zu reisen? Ben\u00f6tigen Sie ein Archiv, das Sie nicht bekommen k\u00f6nnen? Wenn Sie mit &#8222;Ja&#8220; geantwortet haben, sind Sie im richtigen Moment am richtigen Ort. Kaufen Sie einen gef\u00e4lschten belgischen F\u00fchrerschein. Belgisch rijbewijs online. <a href=\"https:\/\/kaufenfuhrerschein.com\/it\/\">Kaufenfurherschein<\/a><\/p>\n<p>Abbiamo un team di personale competente, esperto e qualificato che sa come ricreare le caratteristiche esatte nello stesso modo in cui il Dipartimento dei Veicoli a Motore (DMV) conduce. Come la pi\u00f9 rinomata patente di guida falsa in vendita online in BELGIO, Regno Unito ed Europa, abbiamo un team di personale competente, esperto e qualificato che sa come ricreare le caratteristiche esatte nello stesso modo in cui il Dipartimento dei Veicoli a Motore (DMV) conduce. Se state cercando il posto migliore per acquistare una patente di guida falsa online in Belgio, Regno Unito o Europa, non cercate oltre la patente di guida belga in vendita.<\/p>\n<p>Per ogni stato e paese, diversi tecnici sono incaricati di produrre la patente di guida falsa. Se acquistate una patente di guida falsa online dal Belgio, dal Regno Unito o dall'Europa, scoprirete che un team dedicato \u00e8 incaricato di produrre la patente di guida falsa belga in vendita.<\/p>\n<h2>I motivi per cui dovreste richiedere una patente di guida online con noi - acquistare la patente di guida per la Germania - acquistare la patente di guida tedesca registrata<\/h2>\n<p>K\u00f8b falske belgiske k\u00f8rekort vi producerer b\u00e5de registrerede og uregistrerede belgiske k\u00f8rekort.<\/p>\n<p>\u00a0<\/p>\n<ol>\n<li>Registrierter F\u00fchrerschein: F\u00fcr die eingetragene BELGIEN DL, registrieren wir alle Ihre Daten in der BELGIEN Informationsbasis Rahmen. Wann immer \u00fcberpr\u00fcft, um eine Information zu verwenden, die Maschine zu verstehen, werden Ihre Feinheiten offensichtlich in den Rahmen erscheinen %100 echt. Infolgedessen werden Sie die M\u00f6glichkeit haben, es \u00fcberall legitim zu verwenden, da es keinen Unterschied zu dem vom Gesetzgeber gegebenen hat.<\/li>\n<li>Patente di guida non registrata: produciamo anche una patente di guida belga non registrata, identica al duplicato registrato, ma priva di dati nel database informativo. Il rapporto sar\u00e0 di seconda mano. Tutte le caratteristiche segrete del visto rilasciato dal governo saranno copiate e incise su questo falso duplicato. In genere incoraggiamo i nostri clienti a farsi rilasciare la carta d'identit\u00e0 registrata se ne hanno bisogno per guidare in BELGIO.<\/li>\n<\/ol>\n<h3>Conoscere le differenze tra una patente di guida autentica e una patente di guida falsa.<\/h3>\n<p>Prima di presentare la domanda, \u00e8 necessario comprendere chiaramente la differenza tra una patente di guida autentica e una patente di guida falsa.<\/p>\n<p>Quando richiedete una patente di guida autentica, ci assicuriamo che tutti i dati essenziali siano inclusi nell'archivio, in modo che quando la vostra patente viene controllata con la macchina di verifica delle informazioni, tutti i dati appaiano nell'archivio. Ci\u00f2 implica che, una volta acquistata la patente di guida autentica, l'archivio verr\u00e0 utilizzato legittimamente. Se invece si parla di una patente di guida falsa, nessuno dei dati utilizzati nel rapporto sar\u00e0 presente nell'archivio.<\/p>\n<h4><a href=\"https:\/\/en.wikipedia.org\/wiki\/Driver%27s_license\">La nostra garanzia<\/a><\/h4>\n<p>Acquisto di patente di guida belga falsa Offriamo una garanzia di soddisfazione 100% su tutti gli acquisti da noi. Nel caso in cui non siate soddisfatti del vostro acquisto in qualsiasi modo, sarebbe ideale se ci contattaste entro pochi giorni dalla ricezione del documento. Saremo lieti di collaborare con voi per trovare una risposta o risolvere un problema, se necessario.<\/p>\n<p>-La nostra promozione \u00e8 100% garanzia e facciamo bundling attento.<\/p>\n<p>-Vogliamo che la vostra esperienza sia positiva, come potete vedere dalle nostre recensioni, perch\u00e9 quasi ogni cliente \u00e8 un cliente soddisfatto.<br \/>-Il nostro obiettivo \u00e8 sempre un cliente soddisfatto. Nel raro caso in cui qualcosa non dovesse andare per il verso giusto, prima di lasciare una recensione negativa, contattateci in modo da poter sistemare le cose!<\/p>\n<p><strong>Parole chiave:<\/strong><\/p>\n<p>Acquistare una patente di guida falsa online<br \/>Dove si pu\u00f2 acquistare online una patente di guida belga falsa?<br \/>Patente di guida falsa in vendita<br \/>Acquistare online una patente di guida belga falsa<br \/>Acquistare una patente di guida falsa in Europa<br \/>Dove si possono acquistare documenti falsi in Belgio?<br \/>Acquistare una patente di guida belga falsa in Belgio<br \/>Acquistare documenti falsi in Belgio<br \/>Come posso ottenere una seconda patente di guida belga online?<br \/>Dove posso acquistare online una seconda patente di guida belga?<br \/>Dove si pu\u00f2 acquistare una patente di guida falsa in Europa?<br \/>Acquistare una patente di guida falsa a Dubai<br \/>Documenti belgi falsificati sul <a href=\"https:\/\/kaufenfuhrerschein.com\/it\/\">Vendita di<\/a><\/p>\n<\/figcaption>\n<\/figure>\n<p><!-- \/wp:image --><\/p>\t\t\t\t\t\t<\/div>\n\t\t\t\t<\/div>\n\t\t\t\t\t<\/div>\n\t\t<\/div>\n\t\t\t\t\t\t\t<\/div>\n\t\t<\/section>\n\t\t\t\t\t\t<\/div>\n\t\t\t\t\t<\/div>","protected":false},"excerpt":{"rendered":"<p>\u00a0 GEF\u00c4LSCHTEN BELGISCHEN F\u00dcHRERSCHEIN KAUFEN &#8211; Falschen F\u00fchrerschein online machen &#8211; f\u00fchrerschein kaufen illegal \u00a0Falschen F\u00fchrerschein online machen, Sind Sie daran interessiert, einen belgischen F\u00fchrerschein online zu erwerben? Ist in Belgien ein F\u00fchrerschein erforderlich? Haben Sie schon einmal versucht, nach Belgien zu reisen? Ben\u00f6tigen Sie ein Archiv, das Sie nicht bekommen k\u00f6nnen? Wenn Sie mit [&hellip;]<\/p>","protected":false},"author":1,"featured_media":7406,"parent":0,"menu_order":0,"comment_status":"closed","ping_status":"closed","template":"","meta":{"_joinchat":{"telephone":"+4915215168855"},"footnotes":""},"class_list":["post-7727","page","type-page","status-publish","has-post-thumbnail","hentry"],"yoast_head":"<!-- This site is optimized with the Yoast SEO plugin v22.8 - https:\/\/yoast.com\/wordpress\/plugins\/seo\/ -->\n<title>Belgischer F\u00fchrerschein zu verkaufen - Auto f\u00fchrerschein kaufen<\/title>\n<meta name=\"description\" content=\"Belgischer F\u00fchrerschein zu verkaufen, EU-F\u00fchrerschein in Belgien. Um einen EU-F\u00fchrerschein zu erhalten, m\u00fcssen Sie Pr\u00fcfungen abgelegt haben\" \/>\n<meta name=\"robots\" content=\"index, follow, max-snippet:-1, max-image-preview:large, max-video-preview:-1\" \/>\n<link rel=\"canonical\" href=\"https:\/\/kaufenfuhrerschein.com\/it\/patente-di-guida-belga-in-vendita\/\" \/>\n<meta property=\"og:locale\" content=\"it_IT\" \/>\n<meta property=\"og:type\" content=\"article\" \/>\n<meta property=\"og:title\" content=\"Belgischer F\u00fchrerschein zu verkaufen - Auto f\u00fchrerschein kaufen\" \/>\n<meta property=\"og:description\" content=\"Belgischer F\u00fchrerschein zu verkaufen, EU-F\u00fchrerschein in Belgien. Um einen EU-F\u00fchrerschein zu erhalten, m\u00fcssen Sie Pr\u00fcfungen abgelegt haben\" \/>\n<meta property=\"og:url\" content=\"https:\/\/kaufenfuhrerschein.com\/it\/patente-di-guida-belga-in-vendita\/\" \/>\n<meta property=\"og:site_name\" content=\"Fuhrerschein Kaufen\" \/>\n<meta property=\"article:modified_time\" content=\"2025-01-06T06:49:21+00:00\" \/>\n<meta property=\"og:image\" content=\"https:\/\/kaufenfuhrerschein.com\/wp-content\/uploads\/2021\/10\/rules.jpg\" \/>\n\t<meta property=\"og:image:width\" content=\"1202\" \/>\n\t<meta property=\"og:image:height\" content=\"600\" \/>\n\t<meta property=\"og:image:type\" content=\"image\/jpeg\" \/>\n<meta name=\"twitter:card\" content=\"summary_large_image\" \/>\n<meta name=\"twitter:label1\" content=\"Tempo di lettura stimato\" \/>\n\t<meta name=\"twitter:data1\" content=\"4 minuti\" \/>\n<script type=\"application\/ld+json\" class=\"yoast-schema-graph\">{\"@context\":\"https:\/\/schema.org\",\"@graph\":[{\"@type\":\"WebPage\",\"@id\":\"https:\/\/kaufenfuhrerschein.com\/belgischer-fuhrerschein-zu-verkaufen\/\",\"url\":\"https:\/\/kaufenfuhrerschein.com\/belgischer-fuhrerschein-zu-verkaufen\/\",\"name\":\"Belgischer F\u00fchrerschein zu verkaufen - Auto f\u00fchrerschein kaufen\",\"isPartOf\":{\"@id\":\"https:\/\/kaufenfuhrerschein.com\/#website\"},\"primaryImageOfPage\":{\"@id\":\"https:\/\/kaufenfuhrerschein.com\/belgischer-fuhrerschein-zu-verkaufen\/#primaryimage\"},\"image\":{\"@id\":\"https:\/\/kaufenfuhrerschein.com\/belgischer-fuhrerschein-zu-verkaufen\/#primaryimage\"},\"thumbnailUrl\":\"https:\/\/kaufenfuhrerschein.com\/wp-content\/uploads\/2021\/10\/rules.jpg\",\"datePublished\":\"2022-04-02T16:17:11+00:00\",\"dateModified\":\"2025-01-06T06:49:21+00:00\",\"description\":\"Belgischer F\u00fchrerschein zu verkaufen, EU-F\u00fchrerschein in Belgien. Um einen EU-F\u00fchrerschein zu erhalten, m\u00fcssen Sie Pr\u00fcfungen abgelegt haben\",\"breadcrumb\":{\"@id\":\"https:\/\/kaufenfuhrerschein.com\/belgischer-fuhrerschein-zu-verkaufen\/#breadcrumb\"},\"inLanguage\":\"it-IT\",\"potentialAction\":[{\"@type\":\"ReadAction\",\"target\":[\"https:\/\/kaufenfuhrerschein.com\/belgischer-fuhrerschein-zu-verkaufen\/\"]}]},{\"@type\":\"ImageObject\",\"inLanguage\":\"it-IT\",\"@id\":\"https:\/\/kaufenfuhrerschein.com\/belgischer-fuhrerschein-zu-verkaufen\/#primaryimage\",\"url\":\"https:\/\/kaufenfuhrerschein.com\/wp-content\/uploads\/2021\/10\/rules.jpg\",\"contentUrl\":\"https:\/\/kaufenfuhrerschein.com\/wp-content\/uploads\/2021\/10\/rules.jpg\",\"width\":1202,\"height\":600,\"caption\":\"Belgischer F\u00fchrerschein zu verkaufen\"},{\"@type\":\"BreadcrumbList\",\"@id\":\"https:\/\/kaufenfuhrerschein.com\/belgischer-fuhrerschein-zu-verkaufen\/#breadcrumb\",\"itemListElement\":[{\"@type\":\"ListItem\",\"position\":1,\"name\":\"Home\",\"item\":\"https:\/\/kaufenfuhrerschein.com\/\"},{\"@type\":\"ListItem\",\"position\":2,\"name\":\"Belgischer F\u00fchrerschein zu verkaufen &#8211; Belgien F\u00fchrerschein &#8211; EU F\u00fchrerschein kaufen\"}]},{\"@type\":\"WebSite\",\"@id\":\"https:\/\/kaufenfuhrerschein.com\/#website\",\"url\":\"https:\/\/kaufenfuhrerschein.com\/\",\"name\":\"Fuhrerschein Kaufen\",\"description\":\"Deutschen Fuhrerschein Kaufen\",\"potentialAction\":[{\"@type\":\"SearchAction\",\"target\":{\"@type\":\"EntryPoint\",\"urlTemplate\":\"https:\/\/kaufenfuhrerschein.com\/?s={search_term_string}\"},\"query-input\":\"required name=search_term_string\"}],\"inLanguage\":\"it-IT\"}]}<\/script>\n<!-- \/ Yoast SEO plugin. -->","yoast_head_json":{"title":"Belgischer F\u00fchrerschein zu verkaufen - Auto f\u00fchrerschein kaufen","description":"Belgischer F\u00fchrerschein zu verkaufen, EU-F\u00fchrerschein in Belgien. Um einen EU-F\u00fchrerschein zu erhalten, m\u00fcssen Sie Pr\u00fcfungen abgelegt haben","robots":{"index":"index","follow":"follow","max-snippet":"max-snippet:-1","max-image-preview":"max-image-preview:large","max-video-preview":"max-video-preview:-1"},"canonical":"https:\/\/kaufenfuhrerschein.com\/it\/patente-di-guida-belga-in-vendita\/","og_locale":"it_IT","og_type":"article","og_title":"Belgischer F\u00fchrerschein zu verkaufen - Auto f\u00fchrerschein kaufen","og_description":"Belgischer F\u00fchrerschein zu verkaufen, EU-F\u00fchrerschein in Belgien. Um einen EU-F\u00fchrerschein zu erhalten, m\u00fcssen Sie Pr\u00fcfungen abgelegt haben","og_url":"https:\/\/kaufenfuhrerschein.com\/it\/patente-di-guida-belga-in-vendita\/","og_site_name":"Fuhrerschein Kaufen","article_modified_time":"2025-01-06T06:49:21+00:00","og_image":[{"width":1202,"height":600,"url":"https:\/\/kaufenfuhrerschein.com\/wp-content\/uploads\/2021\/10\/rules.jpg","type":"image\/jpeg"}],"twitter_card":"summary_large_image","twitter_misc":{"Tempo di lettura stimato":"4 minuti"},"schema":{"@context":"https:\/\/schema.org","@graph":[{"@type":"WebPage","@id":"https:\/\/kaufenfuhrerschein.com\/belgischer-fuhrerschein-zu-verkaufen\/","url":"https:\/\/kaufenfuhrerschein.com\/belgischer-fuhrerschein-zu-verkaufen\/","name":"Belgischer F\u00fchrerschein zu verkaufen - Auto f\u00fchrerschein kaufen","isPartOf":{"@id":"https:\/\/kaufenfuhrerschein.com\/#website"},"primaryImageOfPage":{"@id":"https:\/\/kaufenfuhrerschein.com\/belgischer-fuhrerschein-zu-verkaufen\/#primaryimage"},"image":{"@id":"https:\/\/kaufenfuhrerschein.com\/belgischer-fuhrerschein-zu-verkaufen\/#primaryimage"},"thumbnailUrl":"https:\/\/kaufenfuhrerschein.com\/wp-content\/uploads\/2021\/10\/rules.jpg","datePublished":"2022-04-02T16:17:11+00:00","dateModified":"2025-01-06T06:49:21+00:00","description":"Belgischer F\u00fchrerschein zu verkaufen, EU-F\u00fchrerschein in Belgien. Um einen EU-F\u00fchrerschein zu erhalten, m\u00fcssen Sie Pr\u00fcfungen abgelegt haben","breadcrumb":{"@id":"https:\/\/kaufenfuhrerschein.com\/belgischer-fuhrerschein-zu-verkaufen\/#breadcrumb"},"inLanguage":"it-IT","potentialAction":[{"@type":"ReadAction","target":["https:\/\/kaufenfuhrerschein.com\/belgischer-fuhrerschein-zu-verkaufen\/"]}]},{"@type":"ImageObject","inLanguage":"it-IT","@id":"https:\/\/kaufenfuhrerschein.com\/belgischer-fuhrerschein-zu-verkaufen\/#primaryimage","url":"https:\/\/kaufenfuhrerschein.com\/wp-content\/uploads\/2021\/10\/rules.jpg","contentUrl":"https:\/\/kaufenfuhrerschein.com\/wp-content\/uploads\/2021\/10\/rules.jpg","width":1202,"height":600,"caption":"Belgischer F\u00fchrerschein zu verkaufen"},{"@type":"BreadcrumbList","@id":"https:\/\/kaufenfuhrerschein.com\/belgischer-fuhrerschein-zu-verkaufen\/#breadcrumb","itemListElement":[{"@type":"ListItem","position":1,"name":"Home","item":"https:\/\/kaufenfuhrerschein.com\/"},{"@type":"ListItem","position":2,"name":"Belgischer F\u00fchrerschein zu verkaufen &#8211; Belgien F\u00fchrerschein &#8211; EU F\u00fchrerschein kaufen"}]},{"@type":"WebSite","@id":"https:\/\/kaufenfuhrerschein.com\/#website","url":"https:\/\/kaufenfuhrerschein.com\/","name":"Fuhrerschein Kaufen","description":"Deutschen Fuhrerschein Kaufen","potentialAction":[{"@type":"SearchAction","target":{"@type":"EntryPoint","urlTemplate":"https:\/\/kaufenfuhrerschein.com\/?s={search_term_string}"},"query-input":"required name=search_term_string"}],"inLanguage":"it-IT"}]}},"_links":{"self":[{"href":"https:\/\/kaufenfuhrerschein.com\/it\/wp-json\/wp\/v2\/pages\/7727","targetHints":{"allow":["GET"]}}],"collection":[{"href":"https:\/\/kaufenfuhrerschein.com\/it\/wp-json\/wp\/v2\/pages"}],"about":[{"href":"https:\/\/kaufenfuhrerschein.com\/it\/wp-json\/wp\/v2\/types\/page"}],"author":[{"embeddable":true,"href":"https:\/\/kaufenfuhrerschein.com\/it\/wp-json\/wp\/v2\/users\/1"}],"replies":[{"embeddable":true,"href":"https:\/\/kaufenfuhrerschein.com\/it\/wp-json\/wp\/v2\/comments?post=7727"}],"version-history":[{"count":31,"href":"https:\/\/kaufenfuhrerschein.com\/it\/wp-json\/wp\/v2\/pages\/7727\/revisions"}],"predecessor-version":[{"id":7945,"href":"https:\/\/kaufenfuhrerschein.com\/it\/wp-json\/wp\/v2\/pages\/7727\/revisions\/7945"}],"wp:featuredmedia":[{"embeddable":true,"href":"https:\/\/kaufenfuhrerschein.com\/it\/wp-json\/wp\/v2\/media\/7406"}],"wp:attachment":[{"href":"https:\/\/kaufenfuhrerschein.com\/it\/wp-json\/wp\/v2\/media?parent=7727"}],"curies":[{"name":"wp","href":"https:\/\/api.w.org\/{rel}","templated":true}]}}