{"id":7613,"date":"2022-04-02T11:46:33","date_gmt":"2022-04-02T11:46:33","guid":{"rendered":"https:\/\/lizenzeuropa.de\/?page_id=7613"},"modified":"2022-04-02T12:15:50","modified_gmt":"2022-04-02T12:15:50","slug":"schweiz-fuhrerschein-zu-verkaufen","status":"publish","type":"page","link":"https:\/\/kaufenfuhrerschein.com\/nl_be\/schweiz-fuhrerschein-zu-verkaufen\/","title":{"rendered":"Rijbewijs Zwitserland te koop - Echt en nep Zwitsers rijbewijs te koop"},"content":{"rendered":"<div data-elementor-type=\"wp-page\" data-elementor-id=\"7613\" class=\"elementor elementor-7613\" data-elementor-settings=\"[]\">\n\t\t\t\t\t\t\t<div class=\"elementor-section-wrap\">\n\t\t\t\t\t\t\t<section class=\"elementor-section elementor-top-section elementor-element elementor-element-82b4671 elementor-section-boxed elementor-section-height-default elementor-section-height-default\" data-id=\"82b4671\" data-element_type=\"section\">\n\t\t\t\t\t\t<div class=\"elementor-container elementor-column-gap-default\">\n\t\t\t\t\t<div class=\"elementor-column elementor-col-100 elementor-top-column elementor-element elementor-element-e26ad73\" data-id=\"e26ad73\" data-element_type=\"column\">\n\t\t\t<div class=\"elementor-widget-wrap elementor-element-populated\">\n\t\t\t\t\t\t\t\t<div class=\"elementor-element elementor-element-3b1f0ab elementor-widget elementor-widget-image\" data-id=\"3b1f0ab\" data-element_type=\"widget\" data-widget_type=\"image.default\">\n\t\t\t\t<div class=\"elementor-widget-container\">\n\t\t\t<style>\/*! elementor - v3.5.6 - 28-02-2022 *\/\n.elementor-widget-image{text-align:center}.elementor-widget-image a{display:inline-block}.elementor-widget-image a img[src$=\".svg\"]{width:48px}.elementor-widget-image img{vertical-align:middle;display:inline-block}<\/style>\t\t\t\t\t\t\t\t\t\t\t\t<img loading=\"lazy\" decoding=\"async\" width=\"800\" height=\"500\" src=\"https:\/\/kaufenfuhrerschein.com\/wp-content\/uploads\/2021\/11\/switzerland.jpg\" class=\"attachment-large size-large\" alt=\"EU-rijbewijs te koop\" srcset=\"https:\/\/kaufenfuhrerschein.com\/wp-content\/uploads\/2021\/11\/switzerland.jpg 800w, https:\/\/kaufenfuhrerschein.com\/wp-content\/uploads\/2021\/11\/switzerland-300x188.jpg 300w, https:\/\/kaufenfuhrerschein.com\/wp-content\/uploads\/2021\/11\/switzerland-768x480.jpg 768w\" sizes=\"auto, (max-width: 800px) 100vw, 800px\" \/>\t\t\t\t\t\t\t\t\t\t\t\t\t\t\t<\/div>\n\t\t\t\t<\/div>\n\t\t\t\t\t<\/div>\n\t\t<\/div>\n\t\t\t\t\t\t\t<\/div>\n\t\t<\/section>\n\t\t\t\t<section class=\"elementor-section elementor-top-section elementor-element elementor-element-02d043b elementor-section-boxed elementor-section-height-default elementor-section-height-default\" data-id=\"02d043b\" data-element_type=\"section\">\n\t\t\t\t\t\t<div class=\"elementor-container elementor-column-gap-default\">\n\t\t\t\t\t<div class=\"elementor-column elementor-col-100 elementor-top-column elementor-element elementor-element-2fc51c2\" data-id=\"2fc51c2\" data-element_type=\"column\">\n\t\t\t<div class=\"elementor-widget-wrap elementor-element-populated\">\n\t\t\t\t\t\t\t\t<div class=\"elementor-element elementor-element-aa8e8c0 elementor-widget elementor-widget-text-editor\" data-id=\"aa8e8c0\" data-element_type=\"widget\" data-widget_type=\"text-editor.default\">\n\t\t\t\t<div class=\"elementor-widget-container\">\n\t\t\t<style>\/*! elementor - v3.5.6 - 28-02-2022 *\/\n.elementor-widget-text-editor.elementor-drop-cap-view-stacked .elementor-drop-cap{background-color:#818a91;color:#fff}.elementor-widget-text-editor.elementor-drop-cap-view-framed .elementor-drop-cap{color:#818a91;border:3px solid;background-color:transparent}.elementor-widget-text-editor:not(.elementor-drop-cap-view-default) .elementor-drop-cap{margin-top:8px}.elementor-widget-text-editor:not(.elementor-drop-cap-view-default) .elementor-drop-cap-letter{width:1em;height:1em}.elementor-widget-text-editor .elementor-drop-cap{float:left;text-align:center;line-height:1;font-size:50px}.elementor-widget-text-editor .elementor-drop-cap-letter{display:inline-block}<\/style>\t\t\t\t<h2>Zwitsers rijbewijs te koop - Echt Zwitsers rijbewijs kopen<\/h2>\n<div>\n<div>Als je wilt leren rijden in Zwitserland, moet je een voorlopig rijbewijs hebben. <strong>Zwitsers rijbewijs<\/strong> en een theoretisch en praktisch examen afleggen. Nieuw gekwalificeerde bestuurders in Zwitserland krijgen een proefrijbewijs voor een periode van zes maanden. Aan het einde van de proefperiode en na het met goed gevolg afleggen van een reeks aanvullende cursussen en wettelijk verplichte examens ontvangen ze hun definitieve Zwitserse rijbewijs. Er zijn verschillende soorten rijbewijzen voor verschillende soorten voertuigen, en elke categorie heeft zijn eigen eisen. U kunt ook een internationaal rijbewijs krijgen als u woont in <a href=\"https:\/\/kaufenfuhrerschein.com\/nl_be\/rijbewijs\/\">een<\/a> in een ander land wilt rijden. Het is mogelijk dat je voorlopige of permanente rijbewijs wordt ingetrokken als je schuldig bent aan een verkeersovertreding. WAAROM ZOU JE DE STRESS, DE TIJD EN HET GELD BESTEDEN OM EEN ZWITSERS RIJBEWIJS AAN TE VRAGEN ALS WIJ HET VOOR JE KUNNEN DOEN?<\/div>\n<h2>Online rijbewijs voor Zwitserland kopen<\/h2>\n<div>\n<p>Het behalen van een Zwitsers rijbewijs is een langdurig karwei. Eerst en vooral moet je tien uur EHBO-lessen volgen, gevolgd door een theorietoets. Als je eenmaal je voorlopige rijbewijs hebt, moet je 8 uur verkeersveiligheidslessen volgen en nog een paar uur nadat je geslaagd bent voor het rijexamen.<a href=\"https:\/\/en.wikipedia.org\/wiki\/Driver%27s_license\"> Jouw<\/a> Zwitsers rijbewijs. Tijdens het hele proces moet je veel papierwerk invullen en je krijgt te maken met nationale talen zoals Italiaans, Duits of Frans. Als je niet slaagt voor een van de tests, wordt je aanvraag afgewezen, wat kan leiden tot verdere vertragingen bij het verkrijgen van het felbegeerde document. Met een vals Zwitsers rijbewijs kun je dergelijke problemen volledig vermijden. Wij bieden een breed scala aan authentieke documenten die zijn geregistreerd in de centrale database. Kom vandaag nog meer te weten over onze diensten en laat ons weten wat je wensen zijn!<\/p>\n<\/div>\n<div>\n<h3>Zwitsers rijbewijs te koop<\/h3>\n<p>Ben je ge\u00efnteresseerd in het online kopen van een Zwitsers rijbewijs? Is een rijbewijs verplicht in Zwitserland? Overweeg je om naar Zwitserland te reizen? Heb je een archief nodig dat je niet kunt krijgen? Als je deze vraag met ja hebt beantwoord, ben je hier aan het juiste adres.<\/p>\n<p>We hebben een team van competente, ervaren en getrainde medewerkers die weten hoe ze de exacte kenmerken op dezelfde manier kunnen namaken als het Department of Motor Vehicles (DMV). Als het meest gerenommeerde valse rijbewijs dat online te koop is in Zwitserland, het Verenigd Koninkrijk en Europa, hebben we een team van competente, ervaren en geschoolde medewerkers die weten hoe ze de exacte kenmerken op dezelfde manier kunnen namaken als het Department of Motor Vehicles (DMV). Kijk niet verder dan abzdocs als je op zoek bent naar de beste plek om online een neprijbewijs te kopen in Zwitserland, het Verenigd Koninkrijk of Europa.<\/p>\n<h4>Redenen waarom je bij ons online een rijbewijs moet kopen<br \/>Bij 2ndlicesne geven we zowel geregistreerde als niet-geregistreerde rijbewijzen uit voor Zwitserland.<\/h4>\n<p>Geregistreerd rijbewijs: We voeren al je gegevens in in het Zwitserse informatiebestand voor het ingeschreven Zwitserse rijbewijs. Je gegevens zullen zeker 100 procent echt in het kader verschijnen wanneer je wordt getest om een informatieverwerkende machine te gebruiken. Het resultaat is dat je het overal legaal kunt gebruiken, omdat het identiek is aan het rijbewijs dat door de wetgever is afgegeven.<\/p>\n<\/div>\n<\/div>\t\t\t\t\t\t<\/div>\n\t\t\t\t<\/div>\n\t\t\t\t\t<\/div>\n\t\t<\/div>\n\t\t\t\t\t\t\t<\/div>\n\t\t<\/section>\n\t\t\t\t\t\t<\/div>\n\t\t\t\t\t<\/div>","protected":false},"excerpt":{"rendered":"<p>Schweizer F\u00fchrerschein zu verkaufen &#8211; Kaufen Schweiz echte F\u00fchrerschein Wenn Sie in der Schweiz fahren lernen m\u00f6chten, m\u00fcssen Sie einen vorl\u00e4ufigen Schweizer F\u00fchrerschein erwerben und eine theoretische und praktische Pr\u00fcfung ablegen. Neu ausgebildete Fahrerinnen und Fahrer erhalten in der Schweiz einen F\u00fchrerschein auf Probe f\u00fcr einen Zeitraum von sechs Monaten. Nach Ablauf der Probezeit und [&hellip;]<\/p>","protected":false},"author":1,"featured_media":0,"parent":0,"menu_order":0,"comment_status":"closed","ping_status":"closed","template":"","meta":{"_joinchat":{"telephone":"+4915215168855"},"footnotes":""},"class_list":["post-7613","page","type-page","status-publish","hentry"],"yoast_head":"<!-- This site is optimized with the Yoast SEO plugin v21.5 - https:\/\/yoast.com\/wordpress\/plugins\/seo\/ -->\n<title>Schweiz F\u00fchrerschein zu verkaufen | Echte und gef\u00e4lschte F\u00fchrerscheine<\/title>\n<meta name=\"description\" content=\"Schweiz F\u00fchrerschein zu verkaufen, Kaufen Sie echte Qualit\u00e4t Schweizer F\u00fchrerschein . G\u00fcltigkeitsdauer 10 Jahre. Wunsch. Lizenz zu verkaufen.\" \/>\n<meta name=\"robots\" content=\"index, follow, max-snippet:-1, max-image-preview:large, max-video-preview:-1\" \/>\n<link rel=\"canonical\" href=\"https:\/\/kaufenfuhrerschein.com\/nl_be\/schweiz-fuhrerschein-zu-verkaufen\/\" \/>\n<meta property=\"og:locale\" content=\"nl_BE\" \/>\n<meta property=\"og:type\" content=\"article\" \/>\n<meta property=\"og:title\" content=\"Schweiz F\u00fchrerschein zu verkaufen | Echte und gef\u00e4lschte F\u00fchrerscheine\" \/>\n<meta property=\"og:description\" content=\"Schweiz F\u00fchrerschein zu verkaufen, Kaufen Sie echte Qualit\u00e4t Schweizer F\u00fchrerschein . G\u00fcltigkeitsdauer 10 Jahre. Wunsch. Lizenz zu verkaufen.\" \/>\n<meta property=\"og:url\" content=\"https:\/\/kaufenfuhrerschein.com\/nl_be\/schweiz-fuhrerschein-zu-verkaufen\/\" \/>\n<meta property=\"og:site_name\" content=\"Kaufen Fuhrerschein\" \/>\n<meta property=\"article:modified_time\" content=\"2022-04-02T12:15:50+00:00\" \/>\n<meta property=\"og:image\" content=\"https:\/\/kaufenfuhrerschein.com\/wp-content\/uploads\/2021\/11\/switzerland.jpg\" \/>\n<meta name=\"twitter:card\" content=\"summary_large_image\" \/>\n<meta name=\"twitter:label1\" content=\"Geschatte leestijd\" \/>\n\t<meta name=\"twitter:data1\" content=\"3 minuten\" \/>\n<script type=\"application\/ld+json\" class=\"yoast-schema-graph\">{\"@context\":\"https:\/\/schema.org\",\"@graph\":[{\"@type\":\"WebPage\",\"@id\":\"https:\/\/kaufenfuhrerschein.com\/schweiz-fuhrerschein-zu-verkaufen\/\",\"url\":\"https:\/\/kaufenfuhrerschein.com\/schweiz-fuhrerschein-zu-verkaufen\/\",\"name\":\"Schweiz F\u00fchrerschein zu verkaufen | Echte und gef\u00e4lschte F\u00fchrerscheine\",\"isPartOf\":{\"@id\":\"https:\/\/kaufenfuhrerschein.com\/#website\"},\"datePublished\":\"2022-04-02T11:46:33+00:00\",\"dateModified\":\"2022-04-02T12:15:50+00:00\",\"description\":\"Schweiz F\u00fchrerschein zu verkaufen, Kaufen Sie echte Qualit\u00e4t Schweizer F\u00fchrerschein . G\u00fcltigkeitsdauer 10 Jahre. Wunsch. Lizenz zu verkaufen.\",\"breadcrumb\":{\"@id\":\"https:\/\/kaufenfuhrerschein.com\/schweiz-fuhrerschein-zu-verkaufen\/#breadcrumb\"},\"inLanguage\":\"nl-BE\",\"potentialAction\":[{\"@type\":\"ReadAction\",\"target\":[\"https:\/\/kaufenfuhrerschein.com\/schweiz-fuhrerschein-zu-verkaufen\/\"]}]},{\"@type\":\"BreadcrumbList\",\"@id\":\"https:\/\/kaufenfuhrerschein.com\/schweiz-fuhrerschein-zu-verkaufen\/#breadcrumb\",\"itemListElement\":[{\"@type\":\"ListItem\",\"position\":1,\"name\":\"Home\",\"item\":\"https:\/\/kaufenfuhrerschein.com\/\"},{\"@type\":\"ListItem\",\"position\":2,\"name\":\"Schweiz F\u00fchrerschein zu verkaufen &#8211; Echte und gef\u00e4lschte Schweizer F\u00fchrerschein zu verkaufen\"}]},{\"@type\":\"WebSite\",\"@id\":\"https:\/\/kaufenfuhrerschein.com\/#website\",\"url\":\"https:\/\/kaufenfuhrerschein.com\/\",\"name\":\"Kaufen Fuhrerschein\",\"description\":\"Deutschen Fuhrerschein Kaufen\",\"potentialAction\":[{\"@type\":\"SearchAction\",\"target\":{\"@type\":\"EntryPoint\",\"urlTemplate\":\"https:\/\/kaufenfuhrerschein.com\/?s={search_term_string}\"},\"query-input\":\"required name=search_term_string\"}],\"inLanguage\":\"nl-BE\"}]}<\/script>\n<!-- \/ Yoast SEO plugin. -->","yoast_head_json":{"title":"Schweiz F\u00fchrerschein zu verkaufen | Echte und gef\u00e4lschte F\u00fchrerscheine","description":"Schweiz F\u00fchrerschein zu verkaufen, Kaufen Sie echte Qualit\u00e4t Schweizer F\u00fchrerschein . G\u00fcltigkeitsdauer 10 Jahre. Wunsch. Lizenz zu verkaufen.","robots":{"index":"index","follow":"follow","max-snippet":"max-snippet:-1","max-image-preview":"max-image-preview:large","max-video-preview":"max-video-preview:-1"},"canonical":"https:\/\/kaufenfuhrerschein.com\/nl_be\/schweiz-fuhrerschein-zu-verkaufen\/","og_locale":"nl_BE","og_type":"article","og_title":"Schweiz F\u00fchrerschein zu verkaufen | Echte und gef\u00e4lschte F\u00fchrerscheine","og_description":"Schweiz F\u00fchrerschein zu verkaufen, Kaufen Sie echte Qualit\u00e4t Schweizer F\u00fchrerschein . G\u00fcltigkeitsdauer 10 Jahre. Wunsch. Lizenz zu verkaufen.","og_url":"https:\/\/kaufenfuhrerschein.com\/nl_be\/schweiz-fuhrerschein-zu-verkaufen\/","og_site_name":"Kaufen Fuhrerschein","article_modified_time":"2022-04-02T12:15:50+00:00","og_image":[{"url":"https:\/\/kaufenfuhrerschein.com\/wp-content\/uploads\/2021\/11\/switzerland.jpg"}],"twitter_card":"summary_large_image","twitter_misc":{"Geschatte leestijd":"3 minuten"},"schema":{"@context":"https:\/\/schema.org","@graph":[{"@type":"WebPage","@id":"https:\/\/kaufenfuhrerschein.com\/schweiz-fuhrerschein-zu-verkaufen\/","url":"https:\/\/kaufenfuhrerschein.com\/schweiz-fuhrerschein-zu-verkaufen\/","name":"Schweiz F\u00fchrerschein zu verkaufen | Echte und gef\u00e4lschte F\u00fchrerscheine","isPartOf":{"@id":"https:\/\/kaufenfuhrerschein.com\/#website"},"datePublished":"2022-04-02T11:46:33+00:00","dateModified":"2022-04-02T12:15:50+00:00","description":"Schweiz F\u00fchrerschein zu verkaufen, Kaufen Sie echte Qualit\u00e4t Schweizer F\u00fchrerschein . G\u00fcltigkeitsdauer 10 Jahre. Wunsch. Lizenz zu verkaufen.","breadcrumb":{"@id":"https:\/\/kaufenfuhrerschein.com\/schweiz-fuhrerschein-zu-verkaufen\/#breadcrumb"},"inLanguage":"nl-BE","potentialAction":[{"@type":"ReadAction","target":["https:\/\/kaufenfuhrerschein.com\/schweiz-fuhrerschein-zu-verkaufen\/"]}]},{"@type":"BreadcrumbList","@id":"https:\/\/kaufenfuhrerschein.com\/schweiz-fuhrerschein-zu-verkaufen\/#breadcrumb","itemListElement":[{"@type":"ListItem","position":1,"name":"Home","item":"https:\/\/kaufenfuhrerschein.com\/"},{"@type":"ListItem","position":2,"name":"Schweiz F\u00fchrerschein zu verkaufen &#8211; Echte und gef\u00e4lschte Schweizer F\u00fchrerschein zu verkaufen"}]},{"@type":"WebSite","@id":"https:\/\/kaufenfuhrerschein.com\/#website","url":"https:\/\/kaufenfuhrerschein.com\/","name":"Kaufen Fuhrerschein","description":"Deutschen Fuhrerschein Kaufen","potentialAction":[{"@type":"SearchAction","target":{"@type":"EntryPoint","urlTemplate":"https:\/\/kaufenfuhrerschein.com\/?s={search_term_string}"},"query-input":"required name=search_term_string"}],"inLanguage":"nl-BE"}]}},"_links":{"self":[{"href":"https:\/\/kaufenfuhrerschein.com\/nl_be\/wp-json\/wp\/v2\/pages\/7613","targetHints":{"allow":["GET"]}}],"collection":[{"href":"https:\/\/kaufenfuhrerschein.com\/nl_be\/wp-json\/wp\/v2\/pages"}],"about":[{"href":"https:\/\/kaufenfuhrerschein.com\/nl_be\/wp-json\/wp\/v2\/types\/page"}],"author":[{"embeddable":true,"href":"https:\/\/kaufenfuhrerschein.com\/nl_be\/wp-json\/wp\/v2\/users\/1"}],"replies":[{"embeddable":true,"href":"https:\/\/kaufenfuhrerschein.com\/nl_be\/wp-json\/wp\/v2\/comments?post=7613"}],"version-history":[{"count":12,"href":"https:\/\/kaufenfuhrerschein.com\/nl_be\/wp-json\/wp\/v2\/pages\/7613\/revisions"}],"predecessor-version":[{"id":7626,"href":"https:\/\/kaufenfuhrerschein.com\/nl_be\/wp-json\/wp\/v2\/pages\/7613\/revisions\/7626"}],"wp:attachment":[{"href":"https:\/\/kaufenfuhrerschein.com\/nl_be\/wp-json\/wp\/v2\/media?parent=7613"}],"curies":[{"name":"wp","href":"https:\/\/api.w.org\/{rel}","templated":true}]}}