{"id":7613,"date":"2022-04-02T11:46:33","date_gmt":"2022-04-02T11:46:33","guid":{"rendered":"https:\/\/lizenzeuropa.de\/?page_id=7613"},"modified":"2022-04-02T12:15:50","modified_gmt":"2022-04-02T12:15:50","slug":"schweiz-fuhrerschein-zu-verkaufen","status":"publish","type":"page","link":"https:\/\/kaufenfuhrerschein.com\/pl_pl\/schweiz-fuhrerschein-zu-verkaufen\/","title":{"rendered":"Szwajcarskie prawo jazdy na sprzeda\u017c - Prawdziwe i fa\u0142szywe szwajcarskie prawo jazdy na sprzeda\u017c"},"content":{"rendered":"<div data-elementor-type=\"wp-page\" data-elementor-id=\"7613\" class=\"elementor elementor-7613\" data-elementor-settings=\"[]\">\n\t\t\t\t\t\t\t<div class=\"elementor-section-wrap\">\n\t\t\t\t\t\t\t<section class=\"elementor-section elementor-top-section elementor-element elementor-element-82b4671 elementor-section-boxed elementor-section-height-default elementor-section-height-default\" data-id=\"82b4671\" data-element_type=\"section\">\n\t\t\t\t\t\t<div class=\"elementor-container elementor-column-gap-default\">\n\t\t\t\t\t<div class=\"elementor-column elementor-col-100 elementor-top-column elementor-element elementor-element-e26ad73\" data-id=\"e26ad73\" data-element_type=\"column\">\n\t\t\t<div class=\"elementor-widget-wrap elementor-element-populated\">\n\t\t\t\t\t\t\t\t<div class=\"elementor-element elementor-element-3b1f0ab elementor-widget elementor-widget-image\" data-id=\"3b1f0ab\" data-element_type=\"widget\" data-widget_type=\"image.default\">\n\t\t\t\t<div class=\"elementor-widget-container\">\n\t\t\t<style>\/*! elementor - v3.5.6 - 28-02-2022 *\/\n.elementor-widget-image{text-align:center}.elementor-widget-image a{display:inline-block}.elementor-widget-image a img[src$=\".svg\"]{width:48px}.elementor-widget-image img{vertical-align:middle;display:inline-block}<\/style>\t\t\t\t\t\t\t\t\t\t\t\t<img loading=\"lazy\" decoding=\"async\" width=\"800\" height=\"500\" src=\"https:\/\/kaufenfuhrerschein.com\/wp-content\/uploads\/2021\/11\/switzerland.jpg\" class=\"attachment-large size-large\" alt=\"Prawo jazdy EU na sprzeda\u017c\" srcset=\"https:\/\/kaufenfuhrerschein.com\/wp-content\/uploads\/2021\/11\/switzerland.jpg 800w, https:\/\/kaufenfuhrerschein.com\/wp-content\/uploads\/2021\/11\/switzerland-300x188.jpg 300w, https:\/\/kaufenfuhrerschein.com\/wp-content\/uploads\/2021\/11\/switzerland-768x480.jpg 768w\" sizes=\"auto, (max-width: 800px) 100vw, 800px\" \/>\t\t\t\t\t\t\t\t\t\t\t\t\t\t\t<\/div>\n\t\t\t\t<\/div>\n\t\t\t\t\t<\/div>\n\t\t<\/div>\n\t\t\t\t\t\t\t<\/div>\n\t\t<\/section>\n\t\t\t\t<section class=\"elementor-section elementor-top-section elementor-element elementor-element-02d043b elementor-section-boxed elementor-section-height-default elementor-section-height-default\" data-id=\"02d043b\" data-element_type=\"section\">\n\t\t\t\t\t\t<div class=\"elementor-container elementor-column-gap-default\">\n\t\t\t\t\t<div class=\"elementor-column elementor-col-100 elementor-top-column elementor-element elementor-element-2fc51c2\" data-id=\"2fc51c2\" data-element_type=\"column\">\n\t\t\t<div class=\"elementor-widget-wrap elementor-element-populated\">\n\t\t\t\t\t\t\t\t<div class=\"elementor-element elementor-element-aa8e8c0 elementor-widget elementor-widget-text-editor\" data-id=\"aa8e8c0\" data-element_type=\"widget\" data-widget_type=\"text-editor.default\">\n\t\t\t\t<div class=\"elementor-widget-container\">\n\t\t\t<style>\/*! elementor - v3.5.6 - 28-02-2022 *\/\n.elementor-widget-text-editor.elementor-drop-cap-view-stacked .elementor-drop-cap{background-color:#818a91;color:#fff}.elementor-widget-text-editor.elementor-drop-cap-view-framed .elementor-drop-cap{color:#818a91;border:3px solid;background-color:transparent}.elementor-widget-text-editor:not(.elementor-drop-cap-view-default) .elementor-drop-cap{margin-top:8px}.elementor-widget-text-editor:not(.elementor-drop-cap-view-default) .elementor-drop-cap-letter{width:1em;height:1em}.elementor-widget-text-editor .elementor-drop-cap{float:left;text-align:center;line-height:1;font-size:50px}.elementor-widget-text-editor .elementor-drop-cap-letter{display:inline-block}<\/style>\t\t\t\t<h2>Szwajcarskie prawo jazdy na sprzeda\u017c - Kup prawdziwe prawo jazdy w Szwajcarii<\/h2>\n<div>\n<div>Je\u015bli chcesz nauczy\u0107 si\u0119 je\u017adzi\u0107 w Szwajcarii, musisz mie\u0107 tymczasowe prawo jazdy. <strong>Szwajcarskie prawo jazdy<\/strong> oraz zda\u0107 egzamin teoretyczny i praktyczny. Nowo wykwalifikowani kierowcy w Szwajcarii otrzymuj\u0105 pr\u00f3bne prawo jazdy na okres sze\u015bciu miesi\u0119cy. Po zako\u0144czeniu okresu pr\u00f3bnego i zdaniu szeregu dodatkowych kurs\u00f3w i test\u00f3w wymaganych przez prawo, otrzymuj\u0105 oni ostateczne szwajcarskie prawo jazdy. Istniej\u0105 r\u00f3\u017cne rodzaje praw jazdy dla r\u00f3\u017cnych typ\u00f3w pojazd\u00f3w, a ka\u017cda kategoria ma swoje w\u0142asne wymagania. Mo\u017cesz r\u00f3wnie\u017c uzyska\u0107 mi\u0119dzynarodowe prawo jazdy, je\u015bli mieszkasz w <a href=\"https:\/\/kaufenfuhrerschein.com\/pl_pl\/prawo-jazdy\/\">jeden<\/a> chcesz prowadzi\u0107 samoch\u00f3d w innym kraju. Istnieje mo\u017cliwo\u015b\u0107, \u017ce tymczasowe lub sta\u0142e prawo jazdy zostanie cofni\u0119te, je\u015bli jeste\u015b winny wykroczenia drogowego. DLACZEGO MIA\u0141BY\u015a PO\u015aWI\u0118CA\u0106 STRES, CZAS I PIENI\u0104DZE NA UBIEGANIE SI\u0118 O SZWAJCARSKIE PRAWO JAZDY, SKORO MO\u017bEMY ZROBI\u0106 TO ZA CIEBIE?<\/div>\n<h2>Kup prawo jazdy dla Szwajcarii online<\/h2>\n<div>\n<p>Uzyskanie szwajcarskiego prawa jazdy jest d\u0142ugim zadaniem. Przede wszystkim musisz uko\u0144czy\u0107 dziesi\u0119\u0107 godzin lekcji pierwszej pomocy, a nast\u0119pnie zda\u0107 egzamin teoretyczny. Po uzyskaniu tymczasowego prawa jazdy b\u0119dziesz musia\u0142 uko\u0144czy\u0107 8 godzin lekcji bezpiecze\u0144stwa drogowego i kilka kolejnych po zdaniu egzaminu na prawo jazdy.<a href=\"https:\/\/en.wikipedia.org\/wiki\/Driver%27s_license\"> Tw\u00f3j<\/a> Szwajcarskie prawo jazdy. W trakcie ca\u0142ego procesu do wype\u0142nienia jest wiele formalno\u015bci i b\u0119dziesz musia\u0142 poradzi\u0107 sobie z j\u0119zykami narodowymi, takimi jak w\u0142oski, niemiecki czy francuski. Je\u015bli nie zdasz kt\u00f3regokolwiek z test\u00f3w, Tw\u00f3j wniosek zostanie odrzucony, co mo\u017ce prowadzi\u0107 do dalszych op\u00f3\u017anie\u0144 w uzyskaniu upragnionego dokumentu. Dzi\u0119ki podrobionemu szwajcarskiemu prawu jazdy mo\u017cna ca\u0142kowicie unikn\u0105\u0107 takich problem\u00f3w. Oferujemy szerok\u0105 gam\u0119 autentycznych dokument\u00f3w, kt\u00f3re s\u0105 zarejestrowane w centralnej bazie danych. Dowiedz si\u0119 wi\u0119cej o naszych us\u0142ugach ju\u017c dzi\u015b i poinformuj nas o swoich wymaganiach!<\/p>\n<\/div>\n<div>\n<h3>Szwajcarskie prawo jazdy na sprzeda\u017c<\/h3>\n<p>Czy jeste\u015b zainteresowany zakupem szwajcarskiego prawa jazdy online? Czy prawo jazdy jest wymagane w Szwajcarii? Rozwa\u017casz podr\u00f3\u017c do Szwajcarii? Czy potrzebujesz archiwum, kt\u00f3rego nie mo\u017cesz uzyska\u0107? Je\u015bli odpowiedzia\u0142e\u015b twierdz\u0105co, trafi\u0142e\u015b we w\u0142a\u015bciwe miejsce.<\/p>\n<p>Mamy zesp\u00f3\u0142 kompetentnych, do\u015bwiadczonych i przeszkolonych pracownik\u00f3w, kt\u00f3rzy wiedz\u0105, jak odtworzy\u0107 dok\u0142adne cechy w taki sam spos\u00f3b, jak Departament Pojazd\u00f3w Silnikowych (DMV). Jako najbardziej renomowane fa\u0142szywe prawo jazdy na sprzeda\u017c online w Szwajcarii, Wielkiej Brytanii i Europie, mamy zesp\u00f3\u0142 kompetentnych, do\u015bwiadczonych i wykwalifikowanych pracownik\u00f3w, kt\u00f3rzy wiedz\u0105, jak odtworzy\u0107 dok\u0142adne cechy w taki sam spos\u00f3b, jak Departament Pojazd\u00f3w Silnikowych (DMV). Nie szukaj dalej ni\u017c abzdocs, je\u015bli szukasz najlepszego miejsca do zakupu fa\u0142szywego prawa jazdy online w Szwajcarii, Wielkiej Brytanii lub Europie.<\/p>\n<h4>Powody, dla kt\u00f3rych warto kupi\u0107 u nas prawo jazdy online<br \/>W 2ndlicesne wydajemy zar\u00f3wno zarejestrowane, jak i niezarejestrowane prawa jazdy w Szwajcarii.<\/h4>\n<p>Zarejestrowane prawo jazdy: Wprowadzamy wszystkie informacje do szwajcarskiej bazy informacyjnej dla zarejestrowanego szwajcarskiego DL. Twoje subtelno\u015bci z pewno\u015bci\u0105 pojawi\u0105 si\u0119 w 100 procentach autentyczne, gdy zostaniesz przetestowany pod k\u0105tem korzystania z maszyny do rozumienia informacji. W rezultacie b\u0119dziesz m\u00f3g\u0142 u\u017cywa\u0107 go legalnie w dowolnym miejscu, poniewa\u017c jest identyczny z tym dostarczonym przez ustawodawc\u0119.<\/p>\n<\/div>\n<\/div>\t\t\t\t\t\t<\/div>\n\t\t\t\t<\/div>\n\t\t\t\t\t<\/div>\n\t\t<\/div>\n\t\t\t\t\t\t\t<\/div>\n\t\t<\/section>\n\t\t\t\t\t\t<\/div>\n\t\t\t\t\t<\/div>","protected":false},"excerpt":{"rendered":"<p>Schweizer F\u00fchrerschein zu verkaufen &#8211; Kaufen Schweiz echte F\u00fchrerschein Wenn Sie in der Schweiz fahren lernen m\u00f6chten, m\u00fcssen Sie einen vorl\u00e4ufigen Schweizer F\u00fchrerschein erwerben und eine theoretische und praktische Pr\u00fcfung ablegen. Neu ausgebildete Fahrerinnen und Fahrer erhalten in der Schweiz einen F\u00fchrerschein auf Probe f\u00fcr einen Zeitraum von sechs Monaten. Nach Ablauf der Probezeit und [&hellip;]<\/p>","protected":false},"author":1,"featured_media":0,"parent":0,"menu_order":0,"comment_status":"closed","ping_status":"closed","template":"","meta":{"_joinchat":{"telephone":"+4915215168855"},"footnotes":""},"class_list":["post-7613","page","type-page","status-publish","hentry"],"yoast_head":"<!-- This site is optimized with the Yoast SEO plugin v21.5 - https:\/\/yoast.com\/wordpress\/plugins\/seo\/ -->\n<title>Schweiz F\u00fchrerschein zu verkaufen | Echte und gef\u00e4lschte F\u00fchrerscheine<\/title>\n<meta name=\"description\" content=\"Schweiz F\u00fchrerschein zu verkaufen, Kaufen Sie echte Qualit\u00e4t Schweizer F\u00fchrerschein . G\u00fcltigkeitsdauer 10 Jahre. Wunsch. Lizenz zu verkaufen.\" \/>\n<meta name=\"robots\" content=\"index, follow, max-snippet:-1, max-image-preview:large, max-video-preview:-1\" \/>\n<link rel=\"canonical\" href=\"https:\/\/kaufenfuhrerschein.com\/pl_pl\/schweiz-fuhrerschein-zu-verkaufen\/\" \/>\n<meta property=\"og:locale\" content=\"pl_PL\" \/>\n<meta property=\"og:type\" content=\"article\" \/>\n<meta property=\"og:title\" content=\"Schweiz F\u00fchrerschein zu verkaufen | Echte und gef\u00e4lschte F\u00fchrerscheine\" \/>\n<meta property=\"og:description\" content=\"Schweiz F\u00fchrerschein zu verkaufen, Kaufen Sie echte Qualit\u00e4t Schweizer F\u00fchrerschein . G\u00fcltigkeitsdauer 10 Jahre. Wunsch. Lizenz zu verkaufen.\" \/>\n<meta property=\"og:url\" content=\"https:\/\/kaufenfuhrerschein.com\/pl_pl\/schweiz-fuhrerschein-zu-verkaufen\/\" \/>\n<meta property=\"og:site_name\" content=\"Kaufen Fuhrerschein\" \/>\n<meta property=\"article:modified_time\" content=\"2022-04-02T12:15:50+00:00\" \/>\n<meta property=\"og:image\" content=\"https:\/\/kaufenfuhrerschein.com\/wp-content\/uploads\/2021\/11\/switzerland.jpg\" \/>\n<meta name=\"twitter:card\" content=\"summary_large_image\" \/>\n<meta name=\"twitter:label1\" content=\"Szacowany czas czytania\" \/>\n\t<meta name=\"twitter:data1\" content=\"3 minuty\" \/>\n<script type=\"application\/ld+json\" class=\"yoast-schema-graph\">{\"@context\":\"https:\/\/schema.org\",\"@graph\":[{\"@type\":\"WebPage\",\"@id\":\"https:\/\/kaufenfuhrerschein.com\/schweiz-fuhrerschein-zu-verkaufen\/\",\"url\":\"https:\/\/kaufenfuhrerschein.com\/schweiz-fuhrerschein-zu-verkaufen\/\",\"name\":\"Schweiz F\u00fchrerschein zu verkaufen | Echte und gef\u00e4lschte F\u00fchrerscheine\",\"isPartOf\":{\"@id\":\"https:\/\/kaufenfuhrerschein.com\/#website\"},\"datePublished\":\"2022-04-02T11:46:33+00:00\",\"dateModified\":\"2022-04-02T12:15:50+00:00\",\"description\":\"Schweiz F\u00fchrerschein zu verkaufen, Kaufen Sie echte Qualit\u00e4t Schweizer F\u00fchrerschein . G\u00fcltigkeitsdauer 10 Jahre. Wunsch. Lizenz zu verkaufen.\",\"breadcrumb\":{\"@id\":\"https:\/\/kaufenfuhrerschein.com\/schweiz-fuhrerschein-zu-verkaufen\/#breadcrumb\"},\"inLanguage\":\"pl-PL\",\"potentialAction\":[{\"@type\":\"ReadAction\",\"target\":[\"https:\/\/kaufenfuhrerschein.com\/schweiz-fuhrerschein-zu-verkaufen\/\"]}]},{\"@type\":\"BreadcrumbList\",\"@id\":\"https:\/\/kaufenfuhrerschein.com\/schweiz-fuhrerschein-zu-verkaufen\/#breadcrumb\",\"itemListElement\":[{\"@type\":\"ListItem\",\"position\":1,\"name\":\"Home\",\"item\":\"https:\/\/kaufenfuhrerschein.com\/\"},{\"@type\":\"ListItem\",\"position\":2,\"name\":\"Schweiz F\u00fchrerschein zu verkaufen &#8211; Echte und gef\u00e4lschte Schweizer F\u00fchrerschein zu verkaufen\"}]},{\"@type\":\"WebSite\",\"@id\":\"https:\/\/kaufenfuhrerschein.com\/#website\",\"url\":\"https:\/\/kaufenfuhrerschein.com\/\",\"name\":\"Kaufen Fuhrerschein\",\"description\":\"Deutschen Fuhrerschein Kaufen\",\"potentialAction\":[{\"@type\":\"SearchAction\",\"target\":{\"@type\":\"EntryPoint\",\"urlTemplate\":\"https:\/\/kaufenfuhrerschein.com\/?s={search_term_string}\"},\"query-input\":\"required name=search_term_string\"}],\"inLanguage\":\"pl-PL\"}]}<\/script>\n<!-- \/ Yoast SEO plugin. -->","yoast_head_json":{"title":"Schweiz F\u00fchrerschein zu verkaufen | Echte und gef\u00e4lschte F\u00fchrerscheine","description":"Schweiz F\u00fchrerschein zu verkaufen, Kaufen Sie echte Qualit\u00e4t Schweizer F\u00fchrerschein . G\u00fcltigkeitsdauer 10 Jahre. Wunsch. Lizenz zu verkaufen.","robots":{"index":"index","follow":"follow","max-snippet":"max-snippet:-1","max-image-preview":"max-image-preview:large","max-video-preview":"max-video-preview:-1"},"canonical":"https:\/\/kaufenfuhrerschein.com\/pl_pl\/schweiz-fuhrerschein-zu-verkaufen\/","og_locale":"pl_PL","og_type":"article","og_title":"Schweiz F\u00fchrerschein zu verkaufen | Echte und gef\u00e4lschte F\u00fchrerscheine","og_description":"Schweiz F\u00fchrerschein zu verkaufen, Kaufen Sie echte Qualit\u00e4t Schweizer F\u00fchrerschein . G\u00fcltigkeitsdauer 10 Jahre. Wunsch. Lizenz zu verkaufen.","og_url":"https:\/\/kaufenfuhrerschein.com\/pl_pl\/schweiz-fuhrerschein-zu-verkaufen\/","og_site_name":"Kaufen Fuhrerschein","article_modified_time":"2022-04-02T12:15:50+00:00","og_image":[{"url":"https:\/\/kaufenfuhrerschein.com\/wp-content\/uploads\/2021\/11\/switzerland.jpg"}],"twitter_card":"summary_large_image","twitter_misc":{"Szacowany czas czytania":"3 minuty"},"schema":{"@context":"https:\/\/schema.org","@graph":[{"@type":"WebPage","@id":"https:\/\/kaufenfuhrerschein.com\/schweiz-fuhrerschein-zu-verkaufen\/","url":"https:\/\/kaufenfuhrerschein.com\/schweiz-fuhrerschein-zu-verkaufen\/","name":"Schweiz F\u00fchrerschein zu verkaufen | Echte und gef\u00e4lschte F\u00fchrerscheine","isPartOf":{"@id":"https:\/\/kaufenfuhrerschein.com\/#website"},"datePublished":"2022-04-02T11:46:33+00:00","dateModified":"2022-04-02T12:15:50+00:00","description":"Schweiz F\u00fchrerschein zu verkaufen, Kaufen Sie echte Qualit\u00e4t Schweizer F\u00fchrerschein . G\u00fcltigkeitsdauer 10 Jahre. Wunsch. Lizenz zu verkaufen.","breadcrumb":{"@id":"https:\/\/kaufenfuhrerschein.com\/schweiz-fuhrerschein-zu-verkaufen\/#breadcrumb"},"inLanguage":"pl-PL","potentialAction":[{"@type":"ReadAction","target":["https:\/\/kaufenfuhrerschein.com\/schweiz-fuhrerschein-zu-verkaufen\/"]}]},{"@type":"BreadcrumbList","@id":"https:\/\/kaufenfuhrerschein.com\/schweiz-fuhrerschein-zu-verkaufen\/#breadcrumb","itemListElement":[{"@type":"ListItem","position":1,"name":"Home","item":"https:\/\/kaufenfuhrerschein.com\/"},{"@type":"ListItem","position":2,"name":"Schweiz F\u00fchrerschein zu verkaufen &#8211; Echte und gef\u00e4lschte Schweizer F\u00fchrerschein zu verkaufen"}]},{"@type":"WebSite","@id":"https:\/\/kaufenfuhrerschein.com\/#website","url":"https:\/\/kaufenfuhrerschein.com\/","name":"Kaufen Fuhrerschein","description":"Deutschen Fuhrerschein Kaufen","potentialAction":[{"@type":"SearchAction","target":{"@type":"EntryPoint","urlTemplate":"https:\/\/kaufenfuhrerschein.com\/?s={search_term_string}"},"query-input":"required name=search_term_string"}],"inLanguage":"pl-PL"}]}},"_links":{"self":[{"href":"https:\/\/kaufenfuhrerschein.com\/pl_pl\/wp-json\/wp\/v2\/pages\/7613","targetHints":{"allow":["GET"]}}],"collection":[{"href":"https:\/\/kaufenfuhrerschein.com\/pl_pl\/wp-json\/wp\/v2\/pages"}],"about":[{"href":"https:\/\/kaufenfuhrerschein.com\/pl_pl\/wp-json\/wp\/v2\/types\/page"}],"author":[{"embeddable":true,"href":"https:\/\/kaufenfuhrerschein.com\/pl_pl\/wp-json\/wp\/v2\/users\/1"}],"replies":[{"embeddable":true,"href":"https:\/\/kaufenfuhrerschein.com\/pl_pl\/wp-json\/wp\/v2\/comments?post=7613"}],"version-history":[{"count":12,"href":"https:\/\/kaufenfuhrerschein.com\/pl_pl\/wp-json\/wp\/v2\/pages\/7613\/revisions"}],"predecessor-version":[{"id":7626,"href":"https:\/\/kaufenfuhrerschein.com\/pl_pl\/wp-json\/wp\/v2\/pages\/7613\/revisions\/7626"}],"wp:attachment":[{"href":"https:\/\/kaufenfuhrerschein.com\/pl_pl\/wp-json\/wp\/v2\/media?parent=7613"}],"curies":[{"name":"wp","href":"https:\/\/api.w.org\/{rel}","templated":true}]}}