{"id":7613,"date":"2022-04-02T11:46:33","date_gmt":"2022-04-02T11:46:33","guid":{"rendered":"https:\/\/lizenzeuropa.de\/?page_id=7613"},"modified":"2022-04-02T12:15:50","modified_gmt":"2022-04-02T12:15:50","slug":"schweiz-fuhrerschein-zu-verkaufen","status":"publish","type":"page","link":"https:\/\/kaufenfuhrerschein.com\/pt\/schweiz-fuhrerschein-zu-verkaufen\/","title":{"rendered":"Venda de carta de condu\u00e7\u00e3o su\u00ed\u00e7a - Venda de carta de condu\u00e7\u00e3o su\u00ed\u00e7a verdadeira e falsa"},"content":{"rendered":"<div data-elementor-type=\"wp-page\" data-elementor-id=\"7613\" class=\"elementor elementor-7613\" data-elementor-settings=\"[]\">\n\t\t\t\t\t\t\t<div class=\"elementor-section-wrap\">\n\t\t\t\t\t\t\t<section class=\"elementor-section elementor-top-section elementor-element elementor-element-82b4671 elementor-section-boxed elementor-section-height-default elementor-section-height-default\" data-id=\"82b4671\" data-element_type=\"section\">\n\t\t\t\t\t\t<div class=\"elementor-container elementor-column-gap-default\">\n\t\t\t\t\t<div class=\"elementor-column elementor-col-100 elementor-top-column elementor-element elementor-element-e26ad73\" data-id=\"e26ad73\" data-element_type=\"column\">\n\t\t\t<div class=\"elementor-widget-wrap elementor-element-populated\">\n\t\t\t\t\t\t\t\t<div class=\"elementor-element elementor-element-3b1f0ab elementor-widget elementor-widget-image\" data-id=\"3b1f0ab\" data-element_type=\"widget\" data-widget_type=\"image.default\">\n\t\t\t\t<div class=\"elementor-widget-container\">\n\t\t\t<style>\/*! elementor - v3.5.6 - 28-02-2022 *\/\n.elementor-widget-image{text-align:center}.elementor-widget-image a{display:inline-block}.elementor-widget-image a img[src$=\".svg\"]{width:48px}.elementor-widget-image img{vertical-align:middle;display:inline-block}<\/style>\t\t\t\t\t\t\t\t\t\t\t\t<img loading=\"lazy\" decoding=\"async\" width=\"800\" height=\"500\" src=\"https:\/\/kaufenfuhrerschein.com\/wp-content\/uploads\/2021\/11\/switzerland.jpg\" class=\"attachment-large size-large\" alt=\"Carta de condu\u00e7\u00e3o da EU para venda\" srcset=\"https:\/\/kaufenfuhrerschein.com\/wp-content\/uploads\/2021\/11\/switzerland.jpg 800w, https:\/\/kaufenfuhrerschein.com\/wp-content\/uploads\/2021\/11\/switzerland-300x188.jpg 300w, https:\/\/kaufenfuhrerschein.com\/wp-content\/uploads\/2021\/11\/switzerland-768x480.jpg 768w\" sizes=\"auto, (max-width: 800px) 100vw, 800px\" \/>\t\t\t\t\t\t\t\t\t\t\t\t\t\t\t<\/div>\n\t\t\t\t<\/div>\n\t\t\t\t\t<\/div>\n\t\t<\/div>\n\t\t\t\t\t\t\t<\/div>\n\t\t<\/section>\n\t\t\t\t<section class=\"elementor-section elementor-top-section elementor-element elementor-element-02d043b elementor-section-boxed elementor-section-height-default elementor-section-height-default\" data-id=\"02d043b\" data-element_type=\"section\">\n\t\t\t\t\t\t<div class=\"elementor-container elementor-column-gap-default\">\n\t\t\t\t\t<div class=\"elementor-column elementor-col-100 elementor-top-column elementor-element elementor-element-2fc51c2\" data-id=\"2fc51c2\" data-element_type=\"column\">\n\t\t\t<div class=\"elementor-widget-wrap elementor-element-populated\">\n\t\t\t\t\t\t\t\t<div class=\"elementor-element elementor-element-aa8e8c0 elementor-widget elementor-widget-text-editor\" data-id=\"aa8e8c0\" data-element_type=\"widget\" data-widget_type=\"text-editor.default\">\n\t\t\t\t<div class=\"elementor-widget-container\">\n\t\t\t<style>\/*! elementor - v3.5.6 - 28-02-2022 *\/\n.elementor-widget-text-editor.elementor-drop-cap-view-stacked .elementor-drop-cap{background-color:#818a91;color:#fff}.elementor-widget-text-editor.elementor-drop-cap-view-framed .elementor-drop-cap{color:#818a91;border:3px solid;background-color:transparent}.elementor-widget-text-editor:not(.elementor-drop-cap-view-default) .elementor-drop-cap{margin-top:8px}.elementor-widget-text-editor:not(.elementor-drop-cap-view-default) .elementor-drop-cap-letter{width:1em;height:1em}.elementor-widget-text-editor .elementor-drop-cap{float:left;text-align:center;line-height:1;font-size:50px}.elementor-widget-text-editor .elementor-drop-cap-letter{display:inline-block}<\/style>\t\t\t\t<h2>Carta de condu\u00e7\u00e3o su\u00ed\u00e7a para venda - Comprar carta de condu\u00e7\u00e3o su\u00ed\u00e7a verdadeira<\/h2>\n<div>\n<div>Para aprender a conduzir na Su\u00ed\u00e7a, \u00e9 necess\u00e1rio ter uma carta de condu\u00e7\u00e3o provis\u00f3ria <strong>Carta de condu\u00e7\u00e3o su\u00ed\u00e7a<\/strong> e fazer um exame te\u00f3rico e pr\u00e1tico. Os condutores rec\u00e9m-formados na Su\u00ed\u00e7a recebem uma carta de condu\u00e7\u00e3o provis\u00f3ria por um per\u00edodo de seis meses. No final do per\u00edodo de est\u00e1gio e ap\u00f3s aprova\u00e7\u00e3o numa s\u00e9rie de cursos e exames adicionais exigidos por lei, \u00e9-lhes atribu\u00edda a carta de condu\u00e7\u00e3o su\u00ed\u00e7a definitiva. Existem diferentes tipos de cartas de condu\u00e7\u00e3o para diferentes tipos de ve\u00edculos, e cada categoria tem os seus pr\u00f3prios requisitos. Tamb\u00e9m \u00e9 poss\u00edvel obter uma carta de condu\u00e7\u00e3o internacional se residir em <a href=\"https:\/\/kaufenfuhrerschein.com\/pt\/carta-de-conducao\/\">um<\/a> pretender conduzir noutro pa\u00eds. \u00c9 poss\u00edvel que a sua carta de condu\u00e7\u00e3o provis\u00f3ria ou permanente seja revogada se for culpado de uma infra\u00e7\u00e3o rodovi\u00e1ria. POR QUE RAZ\u00c3O DEVE DESPENDER O STRESS, O TEMPO E O DINHEIRO NECESS\u00c1RIOS PARA REQUERER UMA CARTA DE CONDU\u00c7\u00c3O SU\u00cd\u00c7A QUANDO N\u00d3S O PODEMOS FAZER POR SI?<\/div>\n<h2>Comprar carta de condu\u00e7\u00e3o para a Su\u00ed\u00e7a em linha<\/h2>\n<div>\n<p>A obten\u00e7\u00e3o de uma carta de condu\u00e7\u00e3o su\u00ed\u00e7a \u00e9 uma tarefa morosa. Antes de mais, \u00e9 necess\u00e1rio completar dez horas de aulas de primeiros socorros, seguidas de um exame te\u00f3rico. Depois de obter a sua carta de condu\u00e7\u00e3o provis\u00f3ria, ter\u00e1 de completar 8 horas de aulas de seguran\u00e7a rodovi\u00e1ria e mais algumas depois de ter passado o exame de condu\u00e7\u00e3o.<a href=\"https:\/\/en.wikipedia.org\/wiki\/Driver%27s_license\"> O seu<\/a> Carta de condu\u00e7\u00e3o su\u00ed\u00e7a. O processo de obten\u00e7\u00e3o da carta de condu\u00e7\u00e3o su\u00ed\u00e7a implica o preenchimento de uma grande quantidade de documentos e o contacto com l\u00ednguas nacionais como o italiano, o alem\u00e3o ou o franc\u00eas. Se falhar algum dos testes, o seu pedido ser\u00e1 rejeitado, o que pode levar a mais atrasos na obten\u00e7\u00e3o do cobi\u00e7ado documento. Com uma carta de condu\u00e7\u00e3o su\u00ed\u00e7a falsa, pode evitar completamente estes problemas. Oferecemos uma vasta gama de documentos aut\u00eanticos que est\u00e3o registados na base de dados central. Informe-se hoje sobre os nossos servi\u00e7os e diga-nos quais s\u00e3o as suas necessidades!<\/p>\n<\/div>\n<div>\n<h3>Carta de condu\u00e7\u00e3o su\u00ed\u00e7a para venda<\/h3>\n<p>Est\u00e1 interessado em comprar uma carta de condu\u00e7\u00e3o su\u00ed\u00e7a em linha? \u00c9 necess\u00e1ria uma carta de condu\u00e7\u00e3o na Su\u00ed\u00e7a? Est\u00e1 a pensar viajar para a Su\u00ed\u00e7a? Necessita de um arquivo que n\u00e3o pode obter? Se respondeu sim, veio ao s\u00edtio certo.<\/p>\n<p>Temos uma equipa de pessoal competente, experiente e formado que sabe como recriar as caracter\u00edsticas exactas da mesma forma que o Departamento de Ve\u00edculos Motorizados (DMV). Como a carta de condu\u00e7\u00e3o falsa mais conceituada \u00e0 venda online na Su\u00ed\u00e7a, no Reino Unido e na Europa, temos uma equipa de pessoal competente, experiente e formado que sabe como recriar as caracter\u00edsticas exactas da mesma forma que o Departamento de Ve\u00edculos Motorizados (DMV). Se procura o melhor s\u00edtio para comprar uma carta de condu\u00e7\u00e3o falsa online na Su\u00ed\u00e7a, no Reino Unido ou na Europa, a abzdocs \u00e9 a \u00fanica op\u00e7\u00e3o.<\/p>\n<h4>Raz\u00f5es pelas quais deve comprar uma carta de condu\u00e7\u00e3o em linha connosco<br \/>Na 2ndlicesne, emitimos cartas de condu\u00e7\u00e3o registadas e n\u00e3o registadas para a Su\u00ed\u00e7a.<\/h4>\n<p>Carta de condu\u00e7\u00e3o registada: Introduzimos todas as suas informa\u00e7\u00f5es no quadro da base de dados de informa\u00e7\u00f5es da Su\u00ed\u00e7a para a carta de condu\u00e7\u00e3o registada na Su\u00ed\u00e7a. As suas subtilezas aparecer\u00e3o certamente na estrutura 100% genu\u00edna quando for testado para utilizar uma m\u00e1quina de compreens\u00e3o de informa\u00e7\u00f5es. Assim, poder\u00e1 utiliz\u00e1-la legalmente em qualquer lugar, uma vez que \u00e9 id\u00eantica \u00e0 fornecida pelo legislador.<\/p>\n<\/div>\n<\/div>\t\t\t\t\t\t<\/div>\n\t\t\t\t<\/div>\n\t\t\t\t\t<\/div>\n\t\t<\/div>\n\t\t\t\t\t\t\t<\/div>\n\t\t<\/section>\n\t\t\t\t\t\t<\/div>\n\t\t\t\t\t<\/div>","protected":false},"excerpt":{"rendered":"<p>Schweizer F\u00fchrerschein zu verkaufen &#8211; Kaufen Schweiz echte F\u00fchrerschein Wenn Sie in der Schweiz fahren lernen m\u00f6chten, m\u00fcssen Sie einen vorl\u00e4ufigen Schweizer F\u00fchrerschein erwerben und eine theoretische und praktische Pr\u00fcfung ablegen. Neu ausgebildete Fahrerinnen und Fahrer erhalten in der Schweiz einen F\u00fchrerschein auf Probe f\u00fcr einen Zeitraum von sechs Monaten. Nach Ablauf der Probezeit und [&hellip;]<\/p>","protected":false},"author":1,"featured_media":0,"parent":0,"menu_order":0,"comment_status":"closed","ping_status":"closed","template":"","meta":{"_joinchat":{"telephone":"+4915215168855"},"footnotes":""},"class_list":["post-7613","page","type-page","status-publish","hentry"],"yoast_head":"<!-- This site is optimized with the Yoast SEO plugin v21.5 - https:\/\/yoast.com\/wordpress\/plugins\/seo\/ -->\n<title>Schweiz F\u00fchrerschein zu verkaufen | Echte und gef\u00e4lschte F\u00fchrerscheine<\/title>\n<meta name=\"description\" content=\"Schweiz F\u00fchrerschein zu verkaufen, Kaufen Sie echte Qualit\u00e4t Schweizer F\u00fchrerschein . G\u00fcltigkeitsdauer 10 Jahre. Wunsch. Lizenz zu verkaufen.\" \/>\n<meta name=\"robots\" content=\"index, follow, max-snippet:-1, max-image-preview:large, max-video-preview:-1\" \/>\n<link rel=\"canonical\" href=\"https:\/\/kaufenfuhrerschein.com\/pt\/schweiz-fuhrerschein-zu-verkaufen\/\" \/>\n<meta property=\"og:locale\" content=\"pt_PT\" \/>\n<meta property=\"og:type\" content=\"article\" \/>\n<meta property=\"og:title\" content=\"Schweiz F\u00fchrerschein zu verkaufen | Echte und gef\u00e4lschte F\u00fchrerscheine\" \/>\n<meta property=\"og:description\" content=\"Schweiz F\u00fchrerschein zu verkaufen, Kaufen Sie echte Qualit\u00e4t Schweizer F\u00fchrerschein . G\u00fcltigkeitsdauer 10 Jahre. Wunsch. Lizenz zu verkaufen.\" \/>\n<meta property=\"og:url\" content=\"https:\/\/kaufenfuhrerschein.com\/pt\/schweiz-fuhrerschein-zu-verkaufen\/\" \/>\n<meta property=\"og:site_name\" content=\"Kaufen Fuhrerschein\" \/>\n<meta property=\"article:modified_time\" content=\"2022-04-02T12:15:50+00:00\" \/>\n<meta property=\"og:image\" content=\"https:\/\/kaufenfuhrerschein.com\/wp-content\/uploads\/2021\/11\/switzerland.jpg\" \/>\n<meta name=\"twitter:card\" content=\"summary_large_image\" \/>\n<meta name=\"twitter:label1\" content=\"Tempo estimado de leitura\" \/>\n\t<meta name=\"twitter:data1\" content=\"3 minutos\" \/>\n<script type=\"application\/ld+json\" class=\"yoast-schema-graph\">{\"@context\":\"https:\/\/schema.org\",\"@graph\":[{\"@type\":\"WebPage\",\"@id\":\"https:\/\/kaufenfuhrerschein.com\/schweiz-fuhrerschein-zu-verkaufen\/\",\"url\":\"https:\/\/kaufenfuhrerschein.com\/schweiz-fuhrerschein-zu-verkaufen\/\",\"name\":\"Schweiz F\u00fchrerschein zu verkaufen | Echte und gef\u00e4lschte F\u00fchrerscheine\",\"isPartOf\":{\"@id\":\"https:\/\/kaufenfuhrerschein.com\/#website\"},\"datePublished\":\"2022-04-02T11:46:33+00:00\",\"dateModified\":\"2022-04-02T12:15:50+00:00\",\"description\":\"Schweiz F\u00fchrerschein zu verkaufen, Kaufen Sie echte Qualit\u00e4t Schweizer F\u00fchrerschein . G\u00fcltigkeitsdauer 10 Jahre. Wunsch. Lizenz zu verkaufen.\",\"breadcrumb\":{\"@id\":\"https:\/\/kaufenfuhrerschein.com\/schweiz-fuhrerschein-zu-verkaufen\/#breadcrumb\"},\"inLanguage\":\"pt-PT\",\"potentialAction\":[{\"@type\":\"ReadAction\",\"target\":[\"https:\/\/kaufenfuhrerschein.com\/schweiz-fuhrerschein-zu-verkaufen\/\"]}]},{\"@type\":\"BreadcrumbList\",\"@id\":\"https:\/\/kaufenfuhrerschein.com\/schweiz-fuhrerschein-zu-verkaufen\/#breadcrumb\",\"itemListElement\":[{\"@type\":\"ListItem\",\"position\":1,\"name\":\"Home\",\"item\":\"https:\/\/kaufenfuhrerschein.com\/\"},{\"@type\":\"ListItem\",\"position\":2,\"name\":\"Schweiz F\u00fchrerschein zu verkaufen &#8211; Echte und gef\u00e4lschte Schweizer F\u00fchrerschein zu verkaufen\"}]},{\"@type\":\"WebSite\",\"@id\":\"https:\/\/kaufenfuhrerschein.com\/#website\",\"url\":\"https:\/\/kaufenfuhrerschein.com\/\",\"name\":\"Kaufen Fuhrerschein\",\"description\":\"Deutschen Fuhrerschein Kaufen\",\"potentialAction\":[{\"@type\":\"SearchAction\",\"target\":{\"@type\":\"EntryPoint\",\"urlTemplate\":\"https:\/\/kaufenfuhrerschein.com\/?s={search_term_string}\"},\"query-input\":\"required name=search_term_string\"}],\"inLanguage\":\"pt-PT\"}]}<\/script>\n<!-- \/ Yoast SEO plugin. -->","yoast_head_json":{"title":"Schweiz F\u00fchrerschein zu verkaufen | Echte und gef\u00e4lschte F\u00fchrerscheine","description":"Schweiz F\u00fchrerschein zu verkaufen, Kaufen Sie echte Qualit\u00e4t Schweizer F\u00fchrerschein . G\u00fcltigkeitsdauer 10 Jahre. Wunsch. Lizenz zu verkaufen.","robots":{"index":"index","follow":"follow","max-snippet":"max-snippet:-1","max-image-preview":"max-image-preview:large","max-video-preview":"max-video-preview:-1"},"canonical":"https:\/\/kaufenfuhrerschein.com\/pt\/schweiz-fuhrerschein-zu-verkaufen\/","og_locale":"pt_PT","og_type":"article","og_title":"Schweiz F\u00fchrerschein zu verkaufen | Echte und gef\u00e4lschte F\u00fchrerscheine","og_description":"Schweiz F\u00fchrerschein zu verkaufen, Kaufen Sie echte Qualit\u00e4t Schweizer F\u00fchrerschein . G\u00fcltigkeitsdauer 10 Jahre. Wunsch. Lizenz zu verkaufen.","og_url":"https:\/\/kaufenfuhrerschein.com\/pt\/schweiz-fuhrerschein-zu-verkaufen\/","og_site_name":"Kaufen Fuhrerschein","article_modified_time":"2022-04-02T12:15:50+00:00","og_image":[{"url":"https:\/\/kaufenfuhrerschein.com\/wp-content\/uploads\/2021\/11\/switzerland.jpg"}],"twitter_card":"summary_large_image","twitter_misc":{"Tempo estimado de leitura":"3 minutos"},"schema":{"@context":"https:\/\/schema.org","@graph":[{"@type":"WebPage","@id":"https:\/\/kaufenfuhrerschein.com\/schweiz-fuhrerschein-zu-verkaufen\/","url":"https:\/\/kaufenfuhrerschein.com\/schweiz-fuhrerschein-zu-verkaufen\/","name":"Schweiz F\u00fchrerschein zu verkaufen | Echte und gef\u00e4lschte F\u00fchrerscheine","isPartOf":{"@id":"https:\/\/kaufenfuhrerschein.com\/#website"},"datePublished":"2022-04-02T11:46:33+00:00","dateModified":"2022-04-02T12:15:50+00:00","description":"Schweiz F\u00fchrerschein zu verkaufen, Kaufen Sie echte Qualit\u00e4t Schweizer F\u00fchrerschein . G\u00fcltigkeitsdauer 10 Jahre. Wunsch. Lizenz zu verkaufen.","breadcrumb":{"@id":"https:\/\/kaufenfuhrerschein.com\/schweiz-fuhrerschein-zu-verkaufen\/#breadcrumb"},"inLanguage":"pt-PT","potentialAction":[{"@type":"ReadAction","target":["https:\/\/kaufenfuhrerschein.com\/schweiz-fuhrerschein-zu-verkaufen\/"]}]},{"@type":"BreadcrumbList","@id":"https:\/\/kaufenfuhrerschein.com\/schweiz-fuhrerschein-zu-verkaufen\/#breadcrumb","itemListElement":[{"@type":"ListItem","position":1,"name":"Home","item":"https:\/\/kaufenfuhrerschein.com\/"},{"@type":"ListItem","position":2,"name":"Schweiz F\u00fchrerschein zu verkaufen &#8211; Echte und gef\u00e4lschte Schweizer F\u00fchrerschein zu verkaufen"}]},{"@type":"WebSite","@id":"https:\/\/kaufenfuhrerschein.com\/#website","url":"https:\/\/kaufenfuhrerschein.com\/","name":"Kaufen Fuhrerschein","description":"Deutschen Fuhrerschein Kaufen","potentialAction":[{"@type":"SearchAction","target":{"@type":"EntryPoint","urlTemplate":"https:\/\/kaufenfuhrerschein.com\/?s={search_term_string}"},"query-input":"required name=search_term_string"}],"inLanguage":"pt-PT"}]}},"_links":{"self":[{"href":"https:\/\/kaufenfuhrerschein.com\/pt\/wp-json\/wp\/v2\/pages\/7613","targetHints":{"allow":["GET"]}}],"collection":[{"href":"https:\/\/kaufenfuhrerschein.com\/pt\/wp-json\/wp\/v2\/pages"}],"about":[{"href":"https:\/\/kaufenfuhrerschein.com\/pt\/wp-json\/wp\/v2\/types\/page"}],"author":[{"embeddable":true,"href":"https:\/\/kaufenfuhrerschein.com\/pt\/wp-json\/wp\/v2\/users\/1"}],"replies":[{"embeddable":true,"href":"https:\/\/kaufenfuhrerschein.com\/pt\/wp-json\/wp\/v2\/comments?post=7613"}],"version-history":[{"count":12,"href":"https:\/\/kaufenfuhrerschein.com\/pt\/wp-json\/wp\/v2\/pages\/7613\/revisions"}],"predecessor-version":[{"id":7626,"href":"https:\/\/kaufenfuhrerschein.com\/pt\/wp-json\/wp\/v2\/pages\/7613\/revisions\/7626"}],"wp:attachment":[{"href":"https:\/\/kaufenfuhrerschein.com\/pt\/wp-json\/wp\/v2\/media?parent=7613"}],"curies":[{"name":"wp","href":"https:\/\/api.w.org\/{rel}","templated":true}]}}