{"id":7759,"date":"2022-04-02T17:24:19","date_gmt":"2022-04-02T17:24:19","guid":{"rendered":"https:\/\/lizenzeuropa.de\/?page_id=7759"},"modified":"2022-04-02T17:52:16","modified_gmt":"2022-04-02T17:52:16","slug":"osterreichischer-fuhrerschein-zu-verkaufen","status":"publish","type":"page","link":"https:\/\/kaufenfuhrerschein.com\/pt\/carta-de-conducao-austriaca-para-venda\/","title":{"rendered":"Carta de condu\u00e7\u00e3o austr\u00edaca para venda"},"content":{"rendered":"<div data-elementor-type=\"wp-page\" data-elementor-id=\"7759\" class=\"elementor elementor-7759\" data-elementor-settings=\"[]\">\n\t\t\t\t\t\t\t<div class=\"elementor-section-wrap\">\n\t\t\t\t\t\t\t<section class=\"elementor-section elementor-top-section elementor-element elementor-element-3281537b elementor-section-boxed elementor-section-height-default elementor-section-height-default\" data-id=\"3281537b\" data-element_type=\"section\">\n\t\t\t\t\t\t<div class=\"elementor-container elementor-column-gap-default\">\n\t\t\t\t\t<div class=\"elementor-column elementor-col-100 elementor-top-column elementor-element elementor-element-108c4531\" data-id=\"108c4531\" data-element_type=\"column\">\n\t\t\t<div class=\"elementor-widget-wrap elementor-element-populated\">\n\t\t\t\t\t\t\t\t<div class=\"elementor-element elementor-element-429c3ecd elementor-widget elementor-widget-text-editor\" data-id=\"429c3ecd\" data-element_type=\"widget\" data-widget_type=\"text-editor.default\">\n\t\t\t\t<div class=\"elementor-widget-container\">\n\t\t\t<style>\/*! elementor - v3.5.6 - 28-02-2022 *\/\n.elementor-widget-text-editor.elementor-drop-cap-view-stacked .elementor-drop-cap{background-color:#818a91;color:#fff}.elementor-widget-text-editor.elementor-drop-cap-view-framed .elementor-drop-cap{color:#818a91;border:3px solid;background-color:transparent}.elementor-widget-text-editor:not(.elementor-drop-cap-view-default) .elementor-drop-cap{margin-top:8px}.elementor-widget-text-editor:not(.elementor-drop-cap-view-default) .elementor-drop-cap-letter{width:1em;height:1em}.elementor-widget-text-editor .elementor-drop-cap{float:left;text-align:center;line-height:1;font-size:50px}.elementor-widget-text-editor .elementor-drop-cap-letter{display:inline-block}<\/style>\t\t\t\t<p><!-- wp:gallery {\"linkTo\":\"none\"} --><\/p>\n<figure><!-- wp:image {\"id\":7278,\"sizeSlug\":\"large\",\"linkDestination\":\"none\"} -->\n<p>\u00a0<\/p>\n<figure><img decoding=\"async\" src=\"https:\/\/kaufenfuhrerschein.com\/wp-content\/uploads\/2020\/11\/slide1.jpg\" alt=\"Carta de condu\u00e7\u00e3o austr\u00edaca para venda\" \/>\n<p>\u00a0<\/p>\n<figcaption>Carta de condu\u00e7\u00e3o austr\u00edaca para venda<\/figcaption>\n<\/figure>\n<p><!-- \/wp:image --><\/p>\n<\/figure>\n<p><!-- \/wp:gallery --><!-- wp:paragraph --><\/p>\n<p>As cartas de condu\u00e7\u00e3o austr\u00edacas que vendemos incluem todos os tipos de cartas de condu\u00e7\u00e3o austr\u00edacas. A classe da carta de condu\u00e7\u00e3o austr\u00edaca <a href=\"https:\/\/kaufenfuhrerschein.com\/pt\/comprar-carta-de-conducao-portuguesa-b\/\">B<\/a>A categoria de carta de condu\u00e7\u00e3o austr\u00edaca A, a categoria de carta de condu\u00e7\u00e3o austr\u00edaca C1 e as categorias de carta de condu\u00e7\u00e3o austr\u00edaca CE e DE s\u00e3o as categorias de carta de condu\u00e7\u00e3o mais comuns adquiridas pelos nossos clientes.<\/p>\n<h3>Diferen\u00e7a entre carta de condu\u00e7\u00e3o austr\u00edaca verdadeira e falsa - Carta de condu\u00e7\u00e3o austr\u00edaca - Comprar carta de condu\u00e7\u00e3o austr\u00edaca<\/h3>\n<div data-id=\"58a4acd\" data-element_type=\"widget\" data-widget_type=\"heading.default\">\n<div>\n<p>A carta de condu\u00e7\u00e3o austr\u00edaca falsa n\u00e3o passa no teste de digitaliza\u00e7\u00e3o. Com esta carta de condu\u00e7\u00e3o, deve evitar os postos de controlo. Esta carta de condu\u00e7\u00e3o tem bom aspeto e \u00e9 impressa com os hologramas necess\u00e1rios. No entanto, tamb\u00e9m \u00e9 mais barata do que a carta de condu\u00e7\u00e3o austr\u00edaca original. Os clientes que optam pela carta de condu\u00e7\u00e3o austr\u00edaca falsa s\u00e3o, na sua maioria, pessoas que apenas pretendem utilizar uma carta de condu\u00e7\u00e3o temporariamente. Algumas pessoas s\u00f3 precisam da carta de condu\u00e7\u00e3o australiana para um pedido ou para o registo em linha em alguns s\u00edtios Web. Para al\u00e9m destas utiliza\u00e7\u00f5es de uma carta de condu\u00e7\u00e3o australiana falsa, recomendamos que obtenha uma carta de condu\u00e7\u00e3o australiana original que possa utilizar mesmo em locais que exijam digitaliza\u00e7\u00e3o. Afinal de contas, n\u00e3o tem nada com que se preocupar, <a href=\"https:\/\/en.wikipedia.org\/wiki\/Driver%27s_license\">quando<\/a> A sua carta de condu\u00e7\u00e3o austr\u00edaca est\u00e1 suspensa. Estamos aqui para o ajudar a recuperar a sua carta de condu\u00e7\u00e3o australiana e at\u00e9 a esquecer o exame MPU, carta de condu\u00e7\u00e3o austr\u00edaca para venda.<\/p>\n<\/div>\n<\/div>\n<div data-id=\"0b45ebb\" data-element_type=\"widget\" data-widget_type=\"text-editor.default\">\n<div>\n<div>\u00a0<\/div>\n<\/div>\n<\/div>\n<p><!-- \/wp:paragraph --><\/p>\t\t\t\t\t\t<\/div>\n\t\t\t\t<\/div>\n\t\t\t\t\t<\/div>\n\t\t<\/div>\n\t\t\t\t\t\t\t<\/div>\n\t\t<\/section>\n\t\t\t\t\t\t<\/div>\n\t\t\t\t\t<\/div>","protected":false},"excerpt":{"rendered":"<p>Die \u00f6sterreichischen F\u00fchrerscheine, die wir verkaufen, umfassen alle Arten von \u00f6sterreichischen F\u00fchrerscheinen. Der \u00f6sterreichische F\u00fchrerschein der Klasse B, der \u00f6sterreichische F\u00fchrerschein der Klasse A, der \u00f6sterreichische F\u00fchrerschein der Klasse C1 und die \u00f6sterreichischen F\u00fchrerscheinklassen CE und DE sind die typischsten F\u00fchrerscheinklassen, die unsere Kunden kaufen. Unterschied zwischen echtem und falschem \u00f6sterreichischen F\u00fchrerschein &#8211; \u00d6sterreichischer F\u00fchrerschein [&hellip;]<\/p>","protected":false},"author":1,"featured_media":7397,"parent":0,"menu_order":0,"comment_status":"closed","ping_status":"closed","template":"","meta":{"_joinchat":{"telephone":"+4915215168855"},"footnotes":""},"class_list":["post-7759","page","type-page","status-publish","has-post-thumbnail","hentry"],"yoast_head":"<!-- This site is optimized with the Yoast SEO plugin v21.5 - https:\/\/yoast.com\/wordpress\/plugins\/seo\/ -->\n<title>\u00d6sterreichischer F\u00fchrerschein zu verkaufen - echten f\u00fchrerschein kaufen<\/title>\n<meta name=\"description\" content=\"\u00d6sterreichischer F\u00fchrerschein zu verkaufen, \u00d6sterreich,F\u00fchrerschein zu verkaufen. 100% registriert. .F\u00fchrerschein in \u00d6sterreich zu verkaufen\" \/>\n<meta name=\"robots\" content=\"index, follow, max-snippet:-1, max-image-preview:large, max-video-preview:-1\" \/>\n<link rel=\"canonical\" href=\"https:\/\/kaufenfuhrerschein.com\/pt\/carta-de-conducao-austriaca-para-venda\/\" \/>\n<meta property=\"og:locale\" content=\"pt_PT\" \/>\n<meta property=\"og:type\" content=\"article\" \/>\n<meta property=\"og:title\" content=\"\u00d6sterreichischer F\u00fchrerschein zu verkaufen - echten f\u00fchrerschein kaufen\" \/>\n<meta property=\"og:description\" content=\"\u00d6sterreichischer F\u00fchrerschein zu verkaufen, \u00d6sterreich,F\u00fchrerschein zu verkaufen. 100% registriert. .F\u00fchrerschein in \u00d6sterreich zu verkaufen\" \/>\n<meta property=\"og:url\" content=\"https:\/\/kaufenfuhrerschein.com\/pt\/carta-de-conducao-austriaca-para-venda\/\" \/>\n<meta property=\"og:site_name\" content=\"Kaufen Fuhrerschein\" \/>\n<meta property=\"article:modified_time\" content=\"2022-04-02T17:52:16+00:00\" \/>\n<meta property=\"og:image\" content=\"https:\/\/kaufenfuhrerschein.com\/wp-content\/uploads\/2020\/11\/contact-bg-image.jpg\" \/>\n\t<meta property=\"og:image:width\" content=\"1280\" \/>\n\t<meta property=\"og:image:height\" content=\"198\" \/>\n\t<meta property=\"og:image:type\" content=\"image\/jpeg\" \/>\n<meta name=\"twitter:card\" content=\"summary_large_image\" \/>\n<meta name=\"twitter:label1\" content=\"Tempo estimado de leitura\" \/>\n\t<meta name=\"twitter:data1\" content=\"2 minutos\" \/>\n<script type=\"application\/ld+json\" class=\"yoast-schema-graph\">{\"@context\":\"https:\/\/schema.org\",\"@graph\":[{\"@type\":\"WebPage\",\"@id\":\"https:\/\/kaufenfuhrerschein.com\/osterreichischer-fuhrerschein-zu-verkaufen\/\",\"url\":\"https:\/\/kaufenfuhrerschein.com\/osterreichischer-fuhrerschein-zu-verkaufen\/\",\"name\":\"\u00d6sterreichischer F\u00fchrerschein zu verkaufen - echten f\u00fchrerschein kaufen\",\"isPartOf\":{\"@id\":\"https:\/\/kaufenfuhrerschein.com\/#website\"},\"datePublished\":\"2022-04-02T17:24:19+00:00\",\"dateModified\":\"2022-04-02T17:52:16+00:00\",\"description\":\"\u00d6sterreichischer F\u00fchrerschein zu verkaufen, \u00d6sterreich,F\u00fchrerschein zu verkaufen. 100% registriert. .F\u00fchrerschein in \u00d6sterreich zu verkaufen\",\"breadcrumb\":{\"@id\":\"https:\/\/kaufenfuhrerschein.com\/osterreichischer-fuhrerschein-zu-verkaufen\/#breadcrumb\"},\"inLanguage\":\"pt-PT\",\"potentialAction\":[{\"@type\":\"ReadAction\",\"target\":[\"https:\/\/kaufenfuhrerschein.com\/osterreichischer-fuhrerschein-zu-verkaufen\/\"]}]},{\"@type\":\"BreadcrumbList\",\"@id\":\"https:\/\/kaufenfuhrerschein.com\/osterreichischer-fuhrerschein-zu-verkaufen\/#breadcrumb\",\"itemListElement\":[{\"@type\":\"ListItem\",\"position\":1,\"name\":\"Home\",\"item\":\"https:\/\/kaufenfuhrerschein.com\/\"},{\"@type\":\"ListItem\",\"position\":2,\"name\":\"\u00d6sterreichischer F\u00fchrerschein zu verkaufen\"}]},{\"@type\":\"WebSite\",\"@id\":\"https:\/\/kaufenfuhrerschein.com\/#website\",\"url\":\"https:\/\/kaufenfuhrerschein.com\/\",\"name\":\"Kaufen Fuhrerschein\",\"description\":\"Deutschen Fuhrerschein Kaufen\",\"potentialAction\":[{\"@type\":\"SearchAction\",\"target\":{\"@type\":\"EntryPoint\",\"urlTemplate\":\"https:\/\/kaufenfuhrerschein.com\/?s={search_term_string}\"},\"query-input\":\"required name=search_term_string\"}],\"inLanguage\":\"pt-PT\"}]}<\/script>\n<!-- \/ Yoast SEO plugin. -->","yoast_head_json":{"title":"\u00d6sterreichischer F\u00fchrerschein zu verkaufen - echten f\u00fchrerschein kaufen","description":"\u00d6sterreichischer F\u00fchrerschein zu verkaufen, \u00d6sterreich,F\u00fchrerschein zu verkaufen. 100% registriert. .F\u00fchrerschein in \u00d6sterreich zu verkaufen","robots":{"index":"index","follow":"follow","max-snippet":"max-snippet:-1","max-image-preview":"max-image-preview:large","max-video-preview":"max-video-preview:-1"},"canonical":"https:\/\/kaufenfuhrerschein.com\/pt\/carta-de-conducao-austriaca-para-venda\/","og_locale":"pt_PT","og_type":"article","og_title":"\u00d6sterreichischer F\u00fchrerschein zu verkaufen - echten f\u00fchrerschein kaufen","og_description":"\u00d6sterreichischer F\u00fchrerschein zu verkaufen, \u00d6sterreich,F\u00fchrerschein zu verkaufen. 100% registriert. .F\u00fchrerschein in \u00d6sterreich zu verkaufen","og_url":"https:\/\/kaufenfuhrerschein.com\/pt\/carta-de-conducao-austriaca-para-venda\/","og_site_name":"Kaufen Fuhrerschein","article_modified_time":"2022-04-02T17:52:16+00:00","og_image":[{"width":1280,"height":198,"url":"https:\/\/kaufenfuhrerschein.com\/wp-content\/uploads\/2020\/11\/contact-bg-image.jpg","type":"image\/jpeg"}],"twitter_card":"summary_large_image","twitter_misc":{"Tempo estimado de leitura":"2 minutos"},"schema":{"@context":"https:\/\/schema.org","@graph":[{"@type":"WebPage","@id":"https:\/\/kaufenfuhrerschein.com\/osterreichischer-fuhrerschein-zu-verkaufen\/","url":"https:\/\/kaufenfuhrerschein.com\/osterreichischer-fuhrerschein-zu-verkaufen\/","name":"\u00d6sterreichischer F\u00fchrerschein zu verkaufen - echten f\u00fchrerschein kaufen","isPartOf":{"@id":"https:\/\/kaufenfuhrerschein.com\/#website"},"datePublished":"2022-04-02T17:24:19+00:00","dateModified":"2022-04-02T17:52:16+00:00","description":"\u00d6sterreichischer F\u00fchrerschein zu verkaufen, \u00d6sterreich,F\u00fchrerschein zu verkaufen. 100% registriert. .F\u00fchrerschein in \u00d6sterreich zu verkaufen","breadcrumb":{"@id":"https:\/\/kaufenfuhrerschein.com\/osterreichischer-fuhrerschein-zu-verkaufen\/#breadcrumb"},"inLanguage":"pt-PT","potentialAction":[{"@type":"ReadAction","target":["https:\/\/kaufenfuhrerschein.com\/osterreichischer-fuhrerschein-zu-verkaufen\/"]}]},{"@type":"BreadcrumbList","@id":"https:\/\/kaufenfuhrerschein.com\/osterreichischer-fuhrerschein-zu-verkaufen\/#breadcrumb","itemListElement":[{"@type":"ListItem","position":1,"name":"Home","item":"https:\/\/kaufenfuhrerschein.com\/"},{"@type":"ListItem","position":2,"name":"\u00d6sterreichischer F\u00fchrerschein zu verkaufen"}]},{"@type":"WebSite","@id":"https:\/\/kaufenfuhrerschein.com\/#website","url":"https:\/\/kaufenfuhrerschein.com\/","name":"Kaufen Fuhrerschein","description":"Deutschen Fuhrerschein Kaufen","potentialAction":[{"@type":"SearchAction","target":{"@type":"EntryPoint","urlTemplate":"https:\/\/kaufenfuhrerschein.com\/?s={search_term_string}"},"query-input":"required name=search_term_string"}],"inLanguage":"pt-PT"}]}},"_links":{"self":[{"href":"https:\/\/kaufenfuhrerschein.com\/pt\/wp-json\/wp\/v2\/pages\/7759","targetHints":{"allow":["GET"]}}],"collection":[{"href":"https:\/\/kaufenfuhrerschein.com\/pt\/wp-json\/wp\/v2\/pages"}],"about":[{"href":"https:\/\/kaufenfuhrerschein.com\/pt\/wp-json\/wp\/v2\/types\/page"}],"author":[{"embeddable":true,"href":"https:\/\/kaufenfuhrerschein.com\/pt\/wp-json\/wp\/v2\/users\/1"}],"replies":[{"embeddable":true,"href":"https:\/\/kaufenfuhrerschein.com\/pt\/wp-json\/wp\/v2\/comments?post=7759"}],"version-history":[{"count":16,"href":"https:\/\/kaufenfuhrerschein.com\/pt\/wp-json\/wp\/v2\/pages\/7759\/revisions"}],"predecessor-version":[{"id":7779,"href":"https:\/\/kaufenfuhrerschein.com\/pt\/wp-json\/wp\/v2\/pages\/7759\/revisions\/7779"}],"wp:featuredmedia":[{"embeddable":true,"href":"https:\/\/kaufenfuhrerschein.com\/pt\/wp-json\/wp\/v2\/media\/7397"}],"wp:attachment":[{"href":"https:\/\/kaufenfuhrerschein.com\/pt\/wp-json\/wp\/v2\/media?parent=7759"}],"curies":[{"name":"wp","href":"https:\/\/api.w.org\/{rel}","templated":true}]}}